{"id":77,"date":"2024-07-09T11:40:55","date_gmt":"2024-07-09T11:40:55","guid":{"rendered":"https:\/\/anhermed.es\/?page_id=77"},"modified":"2026-01-20T17:49:36","modified_gmt":"2026-01-20T16:49:36","slug":"blog","status":"publish","type":"page","link":"https:\/\/anhermed.es\/cat\/blog\/","title":{"rendered":"Blog"},"content":{"rendered":"<div data-elementor-type=\"wp-page\" data-elementor-id=\"77\" class=\"elementor elementor-77\" data-elementor-post-type=\"page\">\n\t\t\t\t<div class=\"elementor-element elementor-element-2b7c183 e-flex e-con-boxed e-con e-parent\" data-id=\"2b7c183\" data-element_type=\"container\" data-settings=\"{&quot;background_background&quot;:&quot;classic&quot;}\">\n\t\t\t\t\t<div class=\"e-con-inner\">\n\t\t\t\t<div class=\"elementor-element elementor-element-62fed59 elementor-widget elementor-widget-heading\" data-id=\"62fed59\" data-element_type=\"widget\" data-widget_type=\"heading.default\">\n\t\t\t\t<div class=\"elementor-widget-container\">\n\t\t\t\t\t<h1 class=\"elementor-heading-title elementor-size-default\">Blog<\/h1>\t\t\t\t<\/div>\n\t\t\t\t<\/div>\n\t\t\t\t\t<\/div>\n\t\t\t\t<\/div>\n\t\t<div class=\"elementor-element elementor-element-8b95932 e-flex e-con-boxed e-con e-parent\" data-id=\"8b95932\" data-element_type=\"container\">\n\t\t\t\t\t<div class=\"e-con-inner\">\n\t\t\t\t<div class=\"elementor-element elementor-element-83a9fab elementor-posts--align-center elementor-grid-tablet-3 elementor-grid-3 elementor-grid-mobile-1 elementor-posts--thumbnail-top elementor-invisible elementor-widget elementor-widget-posts\" data-id=\"83a9fab\" data-element_type=\"widget\" data-settings=\"{&quot;_animation&quot;:&quot;fadeInUp&quot;,&quot;classic_columns_tablet&quot;:&quot;3&quot;,&quot;classic_row_gap&quot;:{&quot;unit&quot;:&quot;px&quot;,&quot;size&quot;:37,&quot;sizes&quot;:[]},&quot;classic_columns&quot;:&quot;3&quot;,&quot;classic_columns_mobile&quot;:&quot;1&quot;,&quot;classic_row_gap_tablet&quot;:{&quot;unit&quot;:&quot;px&quot;,&quot;size&quot;:&quot;&quot;,&quot;sizes&quot;:[]},&quot;classic_row_gap_mobile&quot;:{&quot;unit&quot;:&quot;px&quot;,&quot;size&quot;:&quot;&quot;,&quot;sizes&quot;:[]}}\" data-widget_type=\"posts.classic\">\n\t\t\t\t<div class=\"elementor-widget-container\">\n\t\t\t\t\t\t\t<div class=\"elementor-posts-container elementor-posts elementor-posts--skin-classic elementor-grid\">\n\t\t\t\t<article class=\"elementor-post elementor-grid-item post-1917 post type-post status-publish format-standard has-post-thumbnail hentry category-blog\">\n\t\t\t\t<a class=\"elementor-post__thumbnail__link\" href=\"https:\/\/anhermed.es\/cat\/cuantas-sesiones-depilacion-laser-necesito\/\" tabindex=\"-1\" >\n\t\t\t<div class=\"elementor-post__thumbnail\"><img fetchpriority=\"high\" decoding=\"async\" width=\"2240\" height=\"1260\" src=\"https:\/\/anhermed.es\/wp-content\/uploads\/2026\/03\/ANA-HERVAS-MEDINA-1.jpg\" class=\"attachment-full size-full wp-image-1918\" alt=\"depilaci\u00f3n l\u00e1ser en cl\u00ednica est\u00e9tica tratamiento profesional\" srcset=\"https:\/\/anhermed.es\/wp-content\/uploads\/2026\/03\/ANA-HERVAS-MEDINA-1.jpg 2240w, https:\/\/anhermed.es\/wp-content\/uploads\/2026\/03\/ANA-HERVAS-MEDINA-1-300x169.jpg 300w, https:\/\/anhermed.es\/wp-content\/uploads\/2026\/03\/ANA-HERVAS-MEDINA-1-1024x576.jpg 1024w, https:\/\/anhermed.es\/wp-content\/uploads\/2026\/03\/ANA-HERVAS-MEDINA-1-768x432.jpg 768w, https:\/\/anhermed.es\/wp-content\/uploads\/2026\/03\/ANA-HERVAS-MEDINA-1-1536x864.jpg 1536w, https:\/\/anhermed.es\/wp-content\/uploads\/2026\/03\/ANA-HERVAS-MEDINA-1-2048x1152.jpg 2048w, https:\/\/anhermed.es\/wp-content\/uploads\/2026\/03\/ANA-HERVAS-MEDINA-1-18x10.jpg 18w\" sizes=\"(max-width: 2240px) 100vw, 2240px\" \/><\/div>\n\t\t<\/a>\n\t\t\t\t<div class=\"elementor-post__text\">\n\t\t\t\t<h4 class=\"elementor-post__title\">\n\t\t\t<a href=\"https:\/\/anhermed.es\/cat\/cuantas-sesiones-depilacion-laser-necesito\/\" >\n\t\t\t\t\u00bfCu\u00e1ntas sesiones de depilaci\u00f3n l\u00e1ser necesito seg\u00fan mi tipo de piel y vello?\t\t\t<\/a>\n\t\t<\/h4>\n\t\t\t\t<div class=\"elementor-post__meta-data\">\n\t\t\t\t\t<span class=\"elementor-post-date\">\n\t\t\t16 de mar\u00e7 de 2026\t\t<\/span>\n\t\t\t\t<\/div>\n\t\t\t\t<\/div>\n\t\t\t\t<\/article>\n\t\t\t\t<article class=\"elementor-post elementor-grid-item post-1899 post type-post status-publish format-standard has-post-thumbnail hentry category-blog\">\n\t\t\t\t<a class=\"elementor-post__thumbnail__link\" href=\"https:\/\/anhermed.es\/cat\/depilacion-laser-facial-zonas-cuidados-y-resultados-esperados\/\" tabindex=\"-1\" >\n\t\t\t<div class=\"elementor-post__thumbnail\"><img decoding=\"async\" width=\"2240\" height=\"1260\" src=\"https:\/\/anhermed.es\/wp-content\/uploads\/2026\/02\/ANA-HERVAS-MEDINA-1.jpg\" class=\"attachment-full size-full wp-image-1900\" alt=\"Depilaci\u00f3n l\u00e1ser facial\" srcset=\"https:\/\/anhermed.es\/wp-content\/uploads\/2026\/02\/ANA-HERVAS-MEDINA-1.jpg 2240w, https:\/\/anhermed.es\/wp-content\/uploads\/2026\/02\/ANA-HERVAS-MEDINA-1-300x169.jpg 300w, https:\/\/anhermed.es\/wp-content\/uploads\/2026\/02\/ANA-HERVAS-MEDINA-1-1024x576.jpg 1024w, https:\/\/anhermed.es\/wp-content\/uploads\/2026\/02\/ANA-HERVAS-MEDINA-1-768x432.jpg 768w, https:\/\/anhermed.es\/wp-content\/uploads\/2026\/02\/ANA-HERVAS-MEDINA-1-1536x864.jpg 1536w, https:\/\/anhermed.es\/wp-content\/uploads\/2026\/02\/ANA-HERVAS-MEDINA-1-2048x1152.jpg 2048w, https:\/\/anhermed.es\/wp-content\/uploads\/2026\/02\/ANA-HERVAS-MEDINA-1-18x10.jpg 18w\" sizes=\"(max-width: 2240px) 100vw, 2240px\" \/><\/div>\n\t\t<\/a>\n\t\t\t\t<div class=\"elementor-post__text\">\n\t\t\t\t<h4 class=\"elementor-post__title\">\n\t\t\t<a href=\"https:\/\/anhermed.es\/cat\/depilacion-laser-facial-zonas-cuidados-y-resultados-esperados\/\" >\n\t\t\t\tDepilaci\u00f3n l\u00e1ser facial: zonas, cuidados y resultados esperados\t\t\t<\/a>\n\t\t<\/h4>\n\t\t\t\t<div class=\"elementor-post__meta-data\">\n\t\t\t\t\t<span class=\"elementor-post-date\">\n\t\t\t17 de febrer de 2026\t\t<\/span>\n\t\t\t\t<\/div>\n\t\t\t\t<\/div>\n\t\t\t\t<\/article>\n\t\t\t\t<article class=\"elementor-post elementor-grid-item post-1871 post type-post status-publish format-standard has-post-thumbnail hentry category-blog\">\n\t\t\t\t<a class=\"elementor-post__thumbnail__link\" href=\"https:\/\/anhermed.es\/cat\/depilacion-laser-medica-vs-fotodepilacion\/\" tabindex=\"-1\" >\n\t\t\t<div class=\"elementor-post__thumbnail\"><img decoding=\"async\" width=\"2240\" height=\"1260\" src=\"https:\/\/anhermed.es\/wp-content\/uploads\/2026\/01\/ANA-HERVAS-MEDINA-2-1.jpg\" class=\"attachment-full size-full wp-image-1872\" alt=\"depilaci\u00f3n l\u00e1ser m\u00e9dica\" srcset=\"https:\/\/anhermed.es\/wp-content\/uploads\/2026\/01\/ANA-HERVAS-MEDINA-2-1.jpg 2240w, https:\/\/anhermed.es\/wp-content\/uploads\/2026\/01\/ANA-HERVAS-MEDINA-2-1-300x169.jpg 300w, https:\/\/anhermed.es\/wp-content\/uploads\/2026\/01\/ANA-HERVAS-MEDINA-2-1-1024x576.jpg 1024w, https:\/\/anhermed.es\/wp-content\/uploads\/2026\/01\/ANA-HERVAS-MEDINA-2-1-768x432.jpg 768w, https:\/\/anhermed.es\/wp-content\/uploads\/2026\/01\/ANA-HERVAS-MEDINA-2-1-1536x864.jpg 1536w, https:\/\/anhermed.es\/wp-content\/uploads\/2026\/01\/ANA-HERVAS-MEDINA-2-1-2048x1152.jpg 2048w, https:\/\/anhermed.es\/wp-content\/uploads\/2026\/01\/ANA-HERVAS-MEDINA-2-1-18x10.jpg 18w\" sizes=\"(max-width: 2240px) 100vw, 2240px\" \/><\/div>\n\t\t<\/a>\n\t\t\t\t<div class=\"elementor-post__text\">\n\t\t\t\t<h4 class=\"elementor-post__title\">\n\t\t\t<a href=\"https:\/\/anhermed.es\/cat\/depilacion-laser-medica-vs-fotodepilacion\/\" >\n\t\t\t\tDepilaci\u00f3 l\u00e0ser m\u00e8dica vs. fotodepilaci\u00f3: difer\u00e8ncies reals i resultats\t\t\t<\/a>\n\t\t<\/h4>\n\t\t\t\t<div class=\"elementor-post__meta-data\">\n\t\t\t\t\t<span class=\"elementor-post-date\">\n\t\t\t26 de gener de 2026\t\t<\/span>\n\t\t\t\t<\/div>\n\t\t\t\t<\/div>\n\t\t\t\t<\/article>\n\t\t\t\t<\/div>\n\t\t\n\t\t\t\t\t\t<\/div>\n\t\t\t\t<\/div>\n\t\t\t\t\t<\/div>\n\t\t\t\t<\/div>\n\t\t\t\t<\/div>","protected":false},"excerpt":{"rendered":"","protected":false},"author":5,"featured_media":0,"parent":0,"menu_order":0,"comment_status":"closed","ping_status":"closed","template":"","meta":{"footnotes":""},"class_list":["post-77","page","type-page","status-publish","hentry"],"yoast_head":"<!-- This site is optimized with the Yoast SEO plugin v26.8 - https:\/\/yoast.com\/product\/yoast-seo-wordpress\/ -->\n<title>Blog - Anhermed<\/title>\n<meta name=\"description\" content=\"Blog de Anhermed con consejos de salud, est\u00e9tica y cuidado de la piel, escritos por profesionales y pensados para ti.\" \/>\n<meta name=\"robots\" content=\"index, follow, max-snippet:-1, max-image-preview:large, max-video-preview:-1\" \/>\n<link rel=\"canonical\" href=\"https:\/\/anhermed.es\/cat\/blog\/\" \/>\n<meta property=\"og:locale\" content=\"ca_ES\" \/>\n<meta property=\"og:type\" content=\"article\" \/>\n<meta property=\"og:title\" content=\"Blog - Anhermed\" \/>\n<meta property=\"og:description\" content=\"Blog de Anhermed con consejos de salud, est\u00e9tica y cuidado de la piel, escritos por profesionales y pensados para ti.\" \/>\n<meta property=\"og:url\" content=\"https:\/\/anhermed.es\/cat\/blog\/\" \/>\n<meta property=\"og:site_name\" content=\"Anhermed\" \/>\n<meta property=\"article:modified_time\" content=\"2026-01-20T16:49:36+00:00\" \/>\n<meta name=\"twitter:card\" content=\"summary_large_image\" \/>\n<script type=\"application\/ld+json\" class=\"yoast-schema-graph\">{\"@context\":\"https:\/\/schema.org\",\"@graph\":[{\"@type\":\"WebPage\",\"@id\":\"https:\/\/anhermed.es\/blog\/\",\"url\":\"https:\/\/anhermed.es\/blog\/\",\"name\":\"Blog - Anhermed\",\"isPartOf\":{\"@id\":\"https:\/\/anhermed.es\/#website\"},\"datePublished\":\"2024-07-09T11:40:55+00:00\",\"dateModified\":\"2026-01-20T16:49:36+00:00\",\"description\":\"Blog de Anhermed con consejos de salud, est\u00e9tica y cuidado de la piel, escritos por profesionales y pensados para ti.\",\"breadcrumb\":{\"@id\":\"https:\/\/anhermed.es\/blog\/#breadcrumb\"},\"inLanguage\":\"ca\",\"potentialAction\":[{\"@type\":\"ReadAction\",\"target\":[\"https:\/\/anhermed.es\/blog\/\"]}]},{\"@type\":\"BreadcrumbList\",\"@id\":\"https:\/\/anhermed.es\/blog\/#breadcrumb\",\"itemListElement\":[{\"@type\":\"ListItem\",\"position\":1,\"name\":\"Portada\",\"item\":\"https:\/\/anhermed.es\/\"},{\"@type\":\"ListItem\",\"position\":2,\"name\":\"Blog\"}]},{\"@type\":\"WebSite\",\"@id\":\"https:\/\/anhermed.es\/#website\",\"url\":\"https:\/\/anhermed.es\/\",\"name\":\"Anhermed\",\"description\":\"\",\"publisher\":{\"@id\":\"https:\/\/anhermed.es\/#organization\"},\"potentialAction\":[{\"@type\":\"SearchAction\",\"target\":{\"@type\":\"EntryPoint\",\"urlTemplate\":\"https:\/\/anhermed.es\/?s={search_term_string}\"},\"query-input\":{\"@type\":\"PropertyValueSpecification\",\"valueRequired\":true,\"valueName\":\"search_term_string\"}}],\"inLanguage\":\"ca\"},{\"@type\":\"Organization\",\"@id\":\"https:\/\/anhermed.es\/#organization\",\"name\":\"Anhermed\",\"url\":\"https:\/\/anhermed.es\/\",\"logo\":{\"@type\":\"ImageObject\",\"inLanguage\":\"ca\",\"@id\":\"https:\/\/anhermed.es\/#\/schema\/logo\/image\/\",\"url\":\"https:\/\/anhermed.es\/wp-content\/uploads\/2024\/07\/ANHERMED-1.svg\",\"contentUrl\":\"https:\/\/anhermed.es\/wp-content\/uploads\/2024\/07\/ANHERMED-1.svg\",\"width\":209,\"height\":215,\"caption\":\"Anhermed\"},\"image\":{\"@id\":\"https:\/\/anhermed.es\/#\/schema\/logo\/image\/\"}}]}<\/script>\n<!-- \/ Yoast SEO plugin. -->","yoast_head_json":{"title":"Bloc - Anhermed","description":"Blog de Anhermed con consejos de salud, est\u00e9tica y cuidado de la piel, escritos por profesionales y pensados para ti.","robots":{"index":"index","follow":"follow","max-snippet":"max-snippet:-1","max-image-preview":"max-image-preview:large","max-video-preview":"max-video-preview:-1"},"canonical":"https:\/\/anhermed.es\/cat\/blog\/","og_locale":"ca_ES","og_type":"article","og_title":"Blog - Anhermed","og_description":"Blog de Anhermed con consejos de salud, est\u00e9tica y cuidado de la piel, escritos por profesionales y pensados para ti.","og_url":"https:\/\/anhermed.es\/cat\/blog\/","og_site_name":"Anhermed","article_modified_time":"2026-01-20T16:49:36+00:00","twitter_card":"summary_large_image","schema":{"@context":"https:\/\/schema.org","@graph":[{"@type":"WebPage","@id":"https:\/\/anhermed.es\/blog\/","url":"https:\/\/anhermed.es\/blog\/","name":"Bloc - Anhermed","isPartOf":{"@id":"https:\/\/anhermed.es\/#website"},"datePublished":"2024-07-09T11:40:55+00:00","dateModified":"2026-01-20T16:49:36+00:00","description":"Blog de Anhermed con consejos de salud, est\u00e9tica y cuidado de la piel, escritos por profesionales y pensados para ti.","breadcrumb":{"@id":"https:\/\/anhermed.es\/blog\/#breadcrumb"},"inLanguage":"ca","potentialAction":[{"@type":"ReadAction","target":["https:\/\/anhermed.es\/blog\/"]}]},{"@type":"BreadcrumbList","@id":"https:\/\/anhermed.es\/blog\/#breadcrumb","itemListElement":[{"@type":"ListItem","position":1,"name":"Portada","item":"https:\/\/anhermed.es\/"},{"@type":"ListItem","position":2,"name":"Blog"}]},{"@type":"WebSite","@id":"https:\/\/anhermed.es\/#website","url":"https:\/\/anhermed.es\/","name":"Anhermed","description":"","publisher":{"@id":"https:\/\/anhermed.es\/#organization"},"potentialAction":[{"@type":"SearchAction","target":{"@type":"EntryPoint","urlTemplate":"https:\/\/anhermed.es\/?s={search_term_string}"},"query-input":{"@type":"PropertyValueSpecification","valueRequired":true,"valueName":"search_term_string"}}],"inLanguage":"ca"},{"@type":"Organization","@id":"https:\/\/anhermed.es\/#organization","name":"Anhermed","url":"https:\/\/anhermed.es\/","logo":{"@type":"ImageObject","inLanguage":"ca","@id":"https:\/\/anhermed.es\/#\/schema\/logo\/image\/","url":"https:\/\/anhermed.es\/wp-content\/uploads\/2024\/07\/ANHERMED-1.svg","contentUrl":"https:\/\/anhermed.es\/wp-content\/uploads\/2024\/07\/ANHERMED-1.svg","width":209,"height":215,"caption":"Anhermed"},"image":{"@id":"https:\/\/anhermed.es\/#\/schema\/logo\/image\/"}}]}},"_links":{"self":[{"href":"https:\/\/anhermed.es\/cat\/wp-json\/wp\/v2\/pages\/77","targetHints":{"allow":["GET"]}}],"collection":[{"href":"https:\/\/anhermed.es\/cat\/wp-json\/wp\/v2\/pages"}],"about":[{"href":"https:\/\/anhermed.es\/cat\/wp-json\/wp\/v2\/types\/page"}],"author":[{"embeddable":true,"href":"https:\/\/anhermed.es\/cat\/wp-json\/wp\/v2\/users\/5"}],"replies":[{"embeddable":true,"href":"https:\/\/anhermed.es\/cat\/wp-json\/wp\/v2\/comments?post=77"}],"version-history":[{"count":19,"href":"https:\/\/anhermed.es\/cat\/wp-json\/wp\/v2\/pages\/77\/revisions"}],"predecessor-version":[{"id":1485,"href":"https:\/\/anhermed.es\/cat\/wp-json\/wp\/v2\/pages\/77\/revisions\/1485"}],"wp:attachment":[{"href":"https:\/\/anhermed.es\/cat\/wp-json\/wp\/v2\/media?parent=77"}],"curies":[{"name":"wp","href":"https:\/\/api.w.org\/{rel}","templated":true}]}}