{"id":69,"date":"2024-07-09T11:40:26","date_gmt":"2024-07-09T11:40:26","guid":{"rendered":"https:\/\/anhermed.es\/?page_id=69"},"modified":"2026-01-20T17:32:00","modified_gmt":"2026-01-20T16:32:00","slug":"depilacion","status":"publish","type":"page","link":"https:\/\/anhermed.es\/cat\/depilacion\/","title":{"rendered":"Depilaci\u00f3 l\u00e0ser i IPL"},"content":{"rendered":"<div data-elementor-type=\"wp-page\" data-elementor-id=\"69\" class=\"elementor elementor-69\" data-elementor-post-type=\"page\">\n\t\t\t\t<div class=\"elementor-element elementor-element-5ec6c517 e-flex e-con-boxed e-con e-parent\" data-id=\"5ec6c517\" data-element_type=\"container\" data-settings=\"{&quot;background_background&quot;:&quot;classic&quot;}\">\n\t\t\t\t\t<div class=\"e-con-inner\">\n\t\t\t\t<div class=\"elementor-element elementor-element-7967e6c5 elementor-widget elementor-widget-heading\" data-id=\"7967e6c5\" data-element_type=\"widget\" data-widget_type=\"heading.default\">\n\t\t\t\t<div class=\"elementor-widget-container\">\n\t\t\t\t\t<h1 class=\"elementor-heading-title elementor-size-default\">Depilaci\u00f3 l\u00e0ser i IPL<\/h1>\t\t\t\t<\/div>\n\t\t\t\t<\/div>\n\t\t\t\t\t<\/div>\n\t\t\t\t<\/div>\n\t\t<div class=\"elementor-element elementor-element-cf4e3b2 e-flex e-con-boxed e-con e-parent\" data-id=\"cf4e3b2\" data-element_type=\"container\">\n\t\t\t\t\t<div class=\"e-con-inner\">\n\t\t<div class=\"elementor-element elementor-element-4284d9f6 e-con-full e-flex e-con e-child\" data-id=\"4284d9f6\" data-element_type=\"container\">\n\t\t<div class=\"elementor-element elementor-element-569d0e94 e-con-full e-flex e-con e-child\" data-id=\"569d0e94\" data-element_type=\"container\" data-settings=\"{&quot;background_background&quot;:&quot;classic&quot;}\">\n\t\t\t\t<div class=\"elementor-element elementor-element-605a59 elementor-widget elementor-widget-heading\" data-id=\"605a59\" data-element_type=\"widget\" data-widget_type=\"heading.default\">\n\t\t\t\t<div class=\"elementor-widget-container\">\n\t\t\t\t\t<h2 class=\"elementor-heading-title elementor-size-default\">Solucions de depilaci\u00f3 l\u00e0ser professional masculina i femenina<\/h2>\t\t\t\t<\/div>\n\t\t\t\t<\/div>\n\t\t\t\t<div class=\"elementor-element elementor-element-549ce274 elementor-invisible elementor-widget elementor-widget-text-editor\" data-id=\"549ce274\" data-element_type=\"widget\" data-settings=\"{&quot;_animation&quot;:&quot;fadeIn&quot;}\" data-widget_type=\"text-editor.default\">\n\t\t\t\t<div class=\"elementor-widget-container\">\n\t\t\t\t\t\t\t\t\t<p>15 anys liderant la depilaci\u00f3 l\u00e0ser a Sabadell ens avalen. El nostre L\u00e0ser de depilaci\u00f3\u00a0<span style=\"font-size: 0.944em; letter-spacing: 0px; text-align: var(--text-align); background-color: var( --e-global-color-565a915 );\">avan\u00e7at combina 3 tipus d&#039;ona en un mateix equip: alexandreta, d\u00edode i neodimi.\u00a0<\/span><span style=\"font-size: 0.944em; letter-spacing: 0px; text-align: var(--text-align); background-color: var( --e-global-color-565a915 );\">que permet depilar a qualsevol \u00e8poca de l&#039;any i amb m\u00ednima mol\u00e8stia<\/span><\/p><p><span style=\"font-size: 15.684px;\">El nostre l\u00e0ser actua en forma de r\u00e0fega amb m\u00faltiples trets per cada pols el que\u00a0<\/span><span style=\"letter-spacing: 0px; text-align: var(--text-align); background-color: var( --e-global-color-565a915 ); font-size: 15.684px;\">suposa menors mol\u00e8sties per a tu en repartir l&#039;energia aplicada a una zona m\u00e9s\u00a0<\/span><span style=\"letter-spacing: 0px; text-align: var(--text-align); background-color: var( --e-global-color-565a915 ); font-size: 15.684px;\">\u00e0mplia i major efectivitat del tractament ja que permet \u201cescombrar\u201d una zona a\u00a0<\/span><span style=\"letter-spacing: 0px; text-align: var(--text-align); font-size: 15.684px; background-color: var( --e-global-color-565a915 );\">diverses passades<\/span><\/p><p><span style=\"font-size: 15.684px;\">Disposem de preus per sessi\u00f3\/zona i bons per diferents tractaments per cobrir\u00a0<\/span><span style=\"font-size: 15.684px; letter-spacing: 0px; text-align: var(--text-align); background-color: var( --e-global-color-565a915 );\">totes les necessitats. Consulta a la web o contacta amb nosaltres<\/span><\/p>\t\t\t\t\t\t\t\t<\/div>\n\t\t\t\t<\/div>\n\t\t\t\t<\/div>\n\t\t\t\t<\/div>\n\t\t<div class=\"elementor-element elementor-element-165ddd5 e-con-full e-flex e-con e-child\" data-id=\"165ddd5\" data-element_type=\"container\">\n\t\t<div class=\"elementor-element elementor-element-33d280ad e-con-full e-flex e-con e-child\" data-id=\"33d280ad\" data-element_type=\"container\">\n\t\t<div class=\"elementor-element elementor-element-fc2a95f e-con-full e-flex e-con e-child\" data-id=\"fc2a95f\" data-element_type=\"container\">\n\t\t\t\t<div class=\"elementor-element elementor-element-3c3f573c elementor-invisible elementor-widget elementor-widget-image\" data-id=\"3c3f573c\" data-element_type=\"widget\" data-settings=\"{&quot;_animation&quot;:&quot;fadeIn&quot;,&quot;_animation_delay&quot;:100}\" data-widget_type=\"image.default\">\n\t\t\t\t<div class=\"elementor-widget-container\">\n\t\t\t\t\t\t\t\t\t\t\t\t\t\t\t<img decoding=\"async\" src=\"https:\/\/anhermed.es\/wp-content\/uploads\/elementor\/thumbs\/34-r42j4b3m5r985r69ewwd4yq6iv3f6nn0xx38nq0cy0.jpg\" title=\"34\" alt=\"34\" loading=\"lazy\" \/>\t\t\t\t\t\t\t\t\t\t\t\t\t\t\t<\/div>\n\t\t\t\t<\/div>\n\t\t\t\t<div class=\"elementor-element elementor-element-32648473 elementor-invisible elementor-widget elementor-widget-image\" data-id=\"32648473\" data-element_type=\"widget\" data-settings=\"{&quot;_animation&quot;:&quot;fadeIn&quot;,&quot;_animation_delay&quot;:200}\" data-widget_type=\"image.default\">\n\t\t\t\t<div class=\"elementor-widget-container\">\n\t\t\t\t\t\t\t\t\t\t\t\t\t\t\t<img decoding=\"async\" src=\"https:\/\/anhermed.es\/wp-content\/uploads\/elementor\/thumbs\/39-r42j41p89ev80gvc9nh6dtfjtbhchwncdnkpt1ccl4.jpg\" title=\"39\" alt=\"39\" loading=\"lazy\" \/>\t\t\t\t\t\t\t\t\t\t\t\t\t\t\t<\/div>\n\t\t\t\t<\/div>\n\t\t\t\t<\/div>\n\t\t<div class=\"elementor-element elementor-element-8f3d98f e-con-full e-flex e-con e-child\" data-id=\"8f3d98f\" data-element_type=\"container\">\n\t\t\t\t<div class=\"elementor-element elementor-element-2fa10a16 elementor-invisible elementor-widget elementor-widget-image\" data-id=\"2fa10a16\" data-element_type=\"widget\" data-settings=\"{&quot;_animation&quot;:&quot;fadeIn&quot;,&quot;_animation_delay&quot;:150}\" data-widget_type=\"image.default\">\n\t\t\t\t<div class=\"elementor-widget-container\">\n\t\t\t\t\t\t\t\t\t\t\t\t\t\t\t<img decoding=\"async\" src=\"https:\/\/anhermed.es\/wp-content\/uploads\/elementor\/thumbs\/37-r42j47c9ef2xy4n5cpwxss0bdmpjs39qefhmop3zjs.jpg\" title=\"37\" alt=\"37\" loading=\"lazy\" \/>\t\t\t\t\t\t\t\t\t\t\t\t\t\t\t<\/div>\n\t\t\t\t<\/div>\n\t\t\t\t<div class=\"elementor-element elementor-element-6daffb94 elementor-invisible elementor-widget elementor-widget-image\" data-id=\"6daffb94\" data-element_type=\"widget\" data-settings=\"{&quot;_animation&quot;:&quot;fadeIn&quot;,&quot;_animation_delay&quot;:250}\" data-widget_type=\"image.default\">\n\t\t\t\t<div class=\"elementor-widget-container\">\n\t\t\t\t\t\t\t\t\t\t\t\t\t\t\t<img decoding=\"async\" src=\"https:\/\/anhermed.es\/wp-content\/uploads\/elementor\/thumbs\/40-1-r42j3yvpowshyto0e9m7qjt6surnelaik8lxf4ih6w.jpg\" title=\"40\" alt=\"40\" loading=\"lazy\" \/>\t\t\t\t\t\t\t\t\t\t\t\t\t\t\t<\/div>\n\t\t\t\t<\/div>\n\t\t\t\t<\/div>\n\t\t\t\t<\/div>\n\t\t\t\t<\/div>\n\t\t\t\t\t<\/div>\n\t\t\t\t<\/div>\n\t\t<div class=\"elementor-element elementor-element-3449303 e-flex e-con-boxed e-con e-parent\" data-id=\"3449303\" data-element_type=\"container\" data-settings=\"{&quot;background_background&quot;:&quot;classic&quot;}\">\n\t\t\t\t\t<div class=\"e-con-inner\">\n\t\t\t\t<div class=\"elementor-element elementor-element-fe2e012 elementor-widget elementor-widget-heading\" data-id=\"fe2e012\" data-element_type=\"widget\" data-widget_type=\"heading.default\">\n\t\t\t\t<div class=\"elementor-widget-container\">\n\t\t\t\t\t<h3 class=\"elementor-heading-title elementor-size-default\">Contacta amb nosaltres i reserva la teva cita aqu\u00ed<\/h3>\t\t\t\t<\/div>\n\t\t\t\t<\/div>\n\t\t\t\t<div class=\"elementor-element elementor-element-1b6ac6b elementor-align-center elementor-mobile-align-justify elementor-widget elementor-widget-button\" data-id=\"1b6ac6b\" data-element_type=\"widget\" data-widget_type=\"button.default\">\n\t\t\t\t<div class=\"elementor-widget-container\">\n\t\t\t\t\t\t\t\t\t<div class=\"elementor-button-wrapper\">\n\t\t\t\t\t<a class=\"elementor-button elementor-button-link elementor-size-sm\" href=\"https:\/\/anhermed.es\/cat\/contacto\/\">\n\t\t\t\t\t\t<span class=\"elementor-button-content-wrapper\">\n\t\t\t\t\t\t\t\t\t<span class=\"elementor-button-text\">Reserva cita<\/span>\n\t\t\t\t\t<\/span>\n\t\t\t\t\t<\/a>\n\t\t\t\t<\/div>\n\t\t\t\t\t\t\t\t<\/div>\n\t\t\t\t<\/div>\n\t\t\t\t\t<\/div>\n\t\t\t\t<\/div>\n\t\t\t\t<\/div>","protected":false},"excerpt":{"rendered":"<p>Solucions de depilaci\u00f3 l\u00e0ser professional masculina i femenina 15 anys liderant la depilaci\u00f3 l\u00e0ser a Sabadell ens avalen. El nostre L\u00e0ser de depilaci\u00f3 avan\u00e7at combina 3 tipus d&#039;ona en un mateix equip: alexandreta, d\u00edode i neodimi yag el que permet depilar a qualsevol \u00e8poca de l&#039;any i amb m\u00ednima mol\u00e8stia El nostre l\u00e0ser actua en forma de r\u00e0fega [\u2026]<\/p>","protected":false},"author":5,"featured_media":0,"parent":0,"menu_order":0,"comment_status":"closed","ping_status":"closed","template":"","meta":{"footnotes":""},"class_list":["post-69","page","type-page","status-publish","hentry"],"yoast_head":"<!-- This site is optimized with the Yoast SEO plugin v26.8 - https:\/\/yoast.com\/product\/yoast-seo-wordpress\/ -->\n<title>Depilaci\u00f3n l\u00e1ser e IPL - Anhermed<\/title>\n<meta name=\"description\" content=\"Depilaci\u00f3n en Anhermed con tecnolog\u00eda segura y eficaz para una piel suave, cuidada y resultados duraderos.\" \/>\n<meta name=\"robots\" content=\"index, follow, max-snippet:-1, max-image-preview:large, max-video-preview:-1\" \/>\n<link rel=\"canonical\" href=\"https:\/\/anhermed.es\/cat\/depilacion\/\" \/>\n<meta property=\"og:locale\" content=\"ca_ES\" \/>\n<meta property=\"og:type\" content=\"article\" \/>\n<meta property=\"og:title\" content=\"Depilaci\u00f3n l\u00e1ser e IPL - Anhermed\" \/>\n<meta property=\"og:description\" content=\"Depilaci\u00f3n en Anhermed con tecnolog\u00eda segura y eficaz para una piel suave, cuidada y resultados duraderos.\" \/>\n<meta property=\"og:url\" content=\"https:\/\/anhermed.es\/cat\/depilacion\/\" \/>\n<meta property=\"og:site_name\" content=\"Anhermed\" \/>\n<meta property=\"article:modified_time\" content=\"2026-01-20T16:32:00+00:00\" \/>\n<meta property=\"og:image\" content=\"https:\/\/anhermed.es\/wp-content\/uploads\/elementor\/thumbs\/34-qqw3xcndgsncdyhs5pdp9ympvb78c2ykg8dz99nhxk.jpg\" \/>\n<meta name=\"twitter:card\" content=\"summary_large_image\" \/>\n<meta name=\"twitter:label1\" content=\"Temps estimat de lectura\" \/>\n\t<meta name=\"twitter:data1\" content=\"2 minuts\" \/>\n<script type=\"application\/ld+json\" class=\"yoast-schema-graph\">{\"@context\":\"https:\/\/schema.org\",\"@graph\":[{\"@type\":\"WebPage\",\"@id\":\"https:\/\/anhermed.es\/depilacion\/\",\"url\":\"https:\/\/anhermed.es\/depilacion\/\",\"name\":\"Depilaci\u00f3n l\u00e1ser e IPL - Anhermed\",\"isPartOf\":{\"@id\":\"https:\/\/anhermed.es\/#website\"},\"primaryImageOfPage\":{\"@id\":\"https:\/\/anhermed.es\/depilacion\/#primaryimage\"},\"image\":{\"@id\":\"https:\/\/anhermed.es\/depilacion\/#primaryimage\"},\"thumbnailUrl\":\"https:\/\/anhermed.es\/wp-content\/uploads\/elementor\/thumbs\/34-qqw3xcndgsncdyhs5pdp9ympvb78c2ykg8dz99nhxk.jpg\",\"datePublished\":\"2024-07-09T11:40:26+00:00\",\"dateModified\":\"2026-01-20T16:32:00+00:00\",\"description\":\"Depilaci\u00f3n en Anhermed con tecnolog\u00eda segura y eficaz para una piel suave, cuidada y resultados duraderos.\",\"breadcrumb\":{\"@id\":\"https:\/\/anhermed.es\/depilacion\/#breadcrumb\"},\"inLanguage\":\"ca\",\"potentialAction\":[{\"@type\":\"ReadAction\",\"target\":[\"https:\/\/anhermed.es\/depilacion\/\"]}]},{\"@type\":\"ImageObject\",\"inLanguage\":\"ca\",\"@id\":\"https:\/\/anhermed.es\/depilacion\/#primaryimage\",\"url\":\"https:\/\/anhermed.es\/wp-content\/uploads\/elementor\/thumbs\/34-qqw3xcndgsncdyhs5pdp9ympvb78c2ykg8dz99nhxk.jpg\",\"contentUrl\":\"https:\/\/anhermed.es\/wp-content\/uploads\/elementor\/thumbs\/34-qqw3xcndgsncdyhs5pdp9ympvb78c2ykg8dz99nhxk.jpg\"},{\"@type\":\"BreadcrumbList\",\"@id\":\"https:\/\/anhermed.es\/depilacion\/#breadcrumb\",\"itemListElement\":[{\"@type\":\"ListItem\",\"position\":1,\"name\":\"Portada\",\"item\":\"https:\/\/anhermed.es\/\"},{\"@type\":\"ListItem\",\"position\":2,\"name\":\"Depilaci\u00f3n l\u00e1ser e IPL\"}]},{\"@type\":\"WebSite\",\"@id\":\"https:\/\/anhermed.es\/#website\",\"url\":\"https:\/\/anhermed.es\/\",\"name\":\"Anhermed\",\"description\":\"\",\"publisher\":{\"@id\":\"https:\/\/anhermed.es\/#organization\"},\"potentialAction\":[{\"@type\":\"SearchAction\",\"target\":{\"@type\":\"EntryPoint\",\"urlTemplate\":\"https:\/\/anhermed.es\/?s={search_term_string}\"},\"query-input\":{\"@type\":\"PropertyValueSpecification\",\"valueRequired\":true,\"valueName\":\"search_term_string\"}}],\"inLanguage\":\"ca\"},{\"@type\":\"Organization\",\"@id\":\"https:\/\/anhermed.es\/#organization\",\"name\":\"Anhermed\",\"url\":\"https:\/\/anhermed.es\/\",\"logo\":{\"@type\":\"ImageObject\",\"inLanguage\":\"ca\",\"@id\":\"https:\/\/anhermed.es\/#\/schema\/logo\/image\/\",\"url\":\"https:\/\/anhermed.es\/wp-content\/uploads\/2024\/07\/ANHERMED-1.svg\",\"contentUrl\":\"https:\/\/anhermed.es\/wp-content\/uploads\/2024\/07\/ANHERMED-1.svg\",\"width\":209,\"height\":215,\"caption\":\"Anhermed\"},\"image\":{\"@id\":\"https:\/\/anhermed.es\/#\/schema\/logo\/image\/\"}}]}<\/script>\n<!-- \/ Yoast SEO plugin. -->","yoast_head_json":{"title":"Depilaci\u00f3n l\u00e1ser e IPL - Anhermed","description":"Depilaci\u00f3n en Anhermed con tecnolog\u00eda segura y eficaz para una piel suave, cuidada y resultados duraderos.","robots":{"index":"index","follow":"follow","max-snippet":"max-snippet:-1","max-image-preview":"max-image-preview:large","max-video-preview":"max-video-preview:-1"},"canonical":"https:\/\/anhermed.es\/cat\/depilacion\/","og_locale":"ca_ES","og_type":"article","og_title":"Depilaci\u00f3n l\u00e1ser e IPL - Anhermed","og_description":"Depilaci\u00f3n en Anhermed con tecnolog\u00eda segura y eficaz para una piel suave, cuidada y resultados duraderos.","og_url":"https:\/\/anhermed.es\/cat\/depilacion\/","og_site_name":"Anhermed","article_modified_time":"2026-01-20T16:32:00+00:00","og_image":[{"url":"https:\/\/anhermed.es\/wp-content\/uploads\/elementor\/thumbs\/34-qqw3xcndgsncdyhs5pdp9ympvb78c2ykg8dz99nhxk.jpg","type":"","width":"","height":""}],"twitter_card":"summary_large_image","twitter_misc":{"Temps estimat de lectura":"2 minuts"},"schema":{"@context":"https:\/\/schema.org","@graph":[{"@type":"WebPage","@id":"https:\/\/anhermed.es\/depilacion\/","url":"https:\/\/anhermed.es\/depilacion\/","name":"Depilaci\u00f3n l\u00e1ser e IPL - Anhermed","isPartOf":{"@id":"https:\/\/anhermed.es\/#website"},"primaryImageOfPage":{"@id":"https:\/\/anhermed.es\/depilacion\/#primaryimage"},"image":{"@id":"https:\/\/anhermed.es\/depilacion\/#primaryimage"},"thumbnailUrl":"https:\/\/anhermed.es\/wp-content\/uploads\/elementor\/thumbs\/34-qqw3xcndgsncdyhs5pdp9ympvb78c2ykg8dz99nhxk.jpg","datePublished":"2024-07-09T11:40:26+00:00","dateModified":"2026-01-20T16:32:00+00:00","description":"Depilaci\u00f3n en Anhermed con tecnolog\u00eda segura y eficaz para una piel suave, cuidada y resultados duraderos.","breadcrumb":{"@id":"https:\/\/anhermed.es\/depilacion\/#breadcrumb"},"inLanguage":"ca","potentialAction":[{"@type":"ReadAction","target":["https:\/\/anhermed.es\/depilacion\/"]}]},{"@type":"ImageObject","inLanguage":"ca","@id":"https:\/\/anhermed.es\/depilacion\/#primaryimage","url":"https:\/\/anhermed.es\/wp-content\/uploads\/elementor\/thumbs\/34-qqw3xcndgsncdyhs5pdp9ympvb78c2ykg8dz99nhxk.jpg","contentUrl":"https:\/\/anhermed.es\/wp-content\/uploads\/elementor\/thumbs\/34-qqw3xcndgsncdyhs5pdp9ympvb78c2ykg8dz99nhxk.jpg"},{"@type":"BreadcrumbList","@id":"https:\/\/anhermed.es\/depilacion\/#breadcrumb","itemListElement":[{"@type":"ListItem","position":1,"name":"Portada","item":"https:\/\/anhermed.es\/"},{"@type":"ListItem","position":2,"name":"Depilaci\u00f3n l\u00e1ser e IPL"}]},{"@type":"WebSite","@id":"https:\/\/anhermed.es\/#website","url":"https:\/\/anhermed.es\/","name":"Anhermed","description":"","publisher":{"@id":"https:\/\/anhermed.es\/#organization"},"potentialAction":[{"@type":"SearchAction","target":{"@type":"EntryPoint","urlTemplate":"https:\/\/anhermed.es\/?s={search_term_string}"},"query-input":{"@type":"PropertyValueSpecification","valueRequired":true,"valueName":"search_term_string"}}],"inLanguage":"ca"},{"@type":"Organization","@id":"https:\/\/anhermed.es\/#organization","name":"Anhermed","url":"https:\/\/anhermed.es\/","logo":{"@type":"ImageObject","inLanguage":"ca","@id":"https:\/\/anhermed.es\/#\/schema\/logo\/image\/","url":"https:\/\/anhermed.es\/wp-content\/uploads\/2024\/07\/ANHERMED-1.svg","contentUrl":"https:\/\/anhermed.es\/wp-content\/uploads\/2024\/07\/ANHERMED-1.svg","width":209,"height":215,"caption":"Anhermed"},"image":{"@id":"https:\/\/anhermed.es\/#\/schema\/logo\/image\/"}}]}},"_links":{"self":[{"href":"https:\/\/anhermed.es\/cat\/wp-json\/wp\/v2\/pages\/69","targetHints":{"allow":["GET"]}}],"collection":[{"href":"https:\/\/anhermed.es\/cat\/wp-json\/wp\/v2\/pages"}],"about":[{"href":"https:\/\/anhermed.es\/cat\/wp-json\/wp\/v2\/types\/page"}],"author":[{"embeddable":true,"href":"https:\/\/anhermed.es\/cat\/wp-json\/wp\/v2\/users\/5"}],"replies":[{"embeddable":true,"href":"https:\/\/anhermed.es\/cat\/wp-json\/wp\/v2\/comments?post=69"}],"version-history":[{"count":183,"href":"https:\/\/anhermed.es\/cat\/wp-json\/wp\/v2\/pages\/69\/revisions"}],"predecessor-version":[{"id":1882,"href":"https:\/\/anhermed.es\/cat\/wp-json\/wp\/v2\/pages\/69\/revisions\/1882"}],"wp:attachment":[{"href":"https:\/\/anhermed.es\/cat\/wp-json\/wp\/v2\/media?parent=69"}],"curies":[{"name":"wp","href":"https:\/\/api.w.org\/{rel}","templated":true}]}}