{"id":67,"date":"2024-07-09T11:40:16","date_gmt":"2024-07-09T11:40:16","guid":{"rendered":"https:\/\/anhermed.es\/?page_id=67"},"modified":"2026-01-20T17:29:03","modified_gmt":"2026-01-20T16:29:03","slug":"tratamientos-corporales","status":"publish","type":"page","link":"https:\/\/anhermed.es\/cat\/tratamientos-corporales\/","title":{"rendered":"Tractaments corporals"},"content":{"rendered":"<div data-elementor-type=\"wp-page\" data-elementor-id=\"67\" class=\"elementor elementor-67\" data-elementor-post-type=\"page\">\n\t\t\t\t<div class=\"elementor-element elementor-element-cf7cc0e e-flex e-con-boxed e-con e-parent\" data-id=\"cf7cc0e\" data-element_type=\"container\" data-settings=\"{&quot;background_background&quot;:&quot;classic&quot;}\">\n\t\t\t\t\t<div class=\"e-con-inner\">\n\t\t\t\t<div class=\"elementor-element elementor-element-743b64db elementor-widget elementor-widget-heading\" data-id=\"743b64db\" data-element_type=\"widget\" data-widget_type=\"heading.default\">\n\t\t\t\t<div class=\"elementor-widget-container\">\n\t\t\t\t\t<h1 class=\"elementor-heading-title elementor-size-default\">Tractaments corporals<\/h1>\t\t\t\t<\/div>\n\t\t\t\t<\/div>\n\t\t\t\t\t<\/div>\n\t\t\t\t<\/div>\n\t\t<div class=\"elementor-element elementor-element-4c5e09ba e-flex e-con-boxed e-con e-parent\" data-id=\"4c5e09ba\" data-element_type=\"container\" data-settings=\"{&quot;background_background&quot;:&quot;classic&quot;}\">\n\t\t\t\t\t<div class=\"e-con-inner\">\n\t\t<div class=\"elementor-element elementor-element-552a2a0e e-con-full e-flex e-con e-child\" data-id=\"552a2a0e\" data-element_type=\"container\">\n\t\t<div class=\"elementor-element elementor-element-5fdf7e0 e-con-full e-flex e-con e-child\" data-id=\"5fdf7e0\" data-element_type=\"container\" data-settings=\"{&quot;background_background&quot;:&quot;classic&quot;}\">\n\t\t\t\t<div class=\"elementor-element elementor-element-283f6a1d elementor-widget elementor-widget-heading\" data-id=\"283f6a1d\" data-element_type=\"widget\" data-widget_type=\"heading.default\">\n\t\t\t\t<div class=\"elementor-widget-container\">\n\t\t\t\t\t<h2 class=\"elementor-heading-title elementor-size-default\">Tractaments corporals per potenciar el teu benestar i accentuar la teva fermesa<\/h2>\t\t\t\t<\/div>\n\t\t\t\t<\/div>\n\t\t\t\t<div class=\"elementor-element elementor-element-5ae7db99 elementor-invisible elementor-widget elementor-widget-text-editor\" data-id=\"5ae7db99\" data-element_type=\"widget\" data-settings=\"{&quot;_animation&quot;:&quot;fadeIn&quot;}\" data-widget_type=\"text-editor.default\">\n\t\t\t\t<div class=\"elementor-widget-container\">\n\t\t\t\t\t\t\t\t\t<p>T-shape \u00e9s el multisistema 3 en 1 que combina l&#039;extraordinari poder de la readiofreq\u00fc\u00e8ncia multipolar, el l\u00e0ser LLT i la succi\u00f3 de buit per esculpir el cos, reafirmar i drenar. Cada tractament es personalitza per garantir resultats visibles i duradors, proporcionant una experi\u00e8ncia professional i revitalitzant<\/p>\t\t\t\t\t\t\t\t<\/div>\n\t\t\t\t<\/div>\n\t\t\t\t<\/div>\n\t\t\t\t<\/div>\n\t\t<div class=\"elementor-element elementor-element-72689c38 e-con-full e-flex e-con e-child\" data-id=\"72689c38\" data-element_type=\"container\">\n\t\t<div class=\"elementor-element elementor-element-4b5a991d e-con-full e-flex e-con e-child\" data-id=\"4b5a991d\" data-element_type=\"container\">\n\t\t<div class=\"elementor-element elementor-element-704cd209 e-con-full e-flex e-con e-child\" data-id=\"704cd209\" data-element_type=\"container\">\n\t\t\t\t<div class=\"elementor-element elementor-element-64f5f35 elementor-invisible elementor-widget elementor-widget-image\" data-id=\"64f5f35\" data-element_type=\"widget\" data-settings=\"{&quot;_animation&quot;:&quot;fadeIn&quot;,&quot;_animation_delay&quot;:100}\" data-widget_type=\"image.default\">\n\t\t\t\t<div class=\"elementor-widget-container\">\n\t\t\t\t\t\t\t\t\t\t\t\t\t\t\t<img decoding=\"async\" src=\"https:\/\/anhermed.es\/wp-content\/uploads\/elementor\/thumbs\/26-1-r42j303oo1gw192j1cl0oal4tlj2hsgg3ggynvy1l4.jpg\" title=\"26\" alt=\"26\" loading=\"lazy\" \/>\t\t\t\t\t\t\t\t\t\t\t\t\t\t\t<\/div>\n\t\t\t\t<\/div>\n\t\t\t\t<div class=\"elementor-element elementor-element-28041010 elementor-invisible elementor-widget elementor-widget-image\" data-id=\"28041010\" data-element_type=\"widget\" data-settings=\"{&quot;_animation&quot;:&quot;fadeIn&quot;,&quot;_animation_delay&quot;:200}\" data-widget_type=\"image.default\">\n\t\t\t\t<div class=\"elementor-widget-container\">\n\t\t\t\t\t\t\t\t\t\t\t\t\t\t\t<img decoding=\"async\" src=\"https:\/\/anhermed.es\/wp-content\/uploads\/elementor\/thumbs\/24-r42j4lfu8xm8sa2o2e0cc6g8aes1zjtpgd9wvuj2yg.jpg\" title=\"24\" alt=\"24\" loading=\"lazy\" \/>\t\t\t\t\t\t\t\t\t\t\t\t\t\t\t<\/div>\n\t\t\t\t<\/div>\n\t\t\t\t<\/div>\n\t\t<div class=\"elementor-element elementor-element-39b47bb e-con-full e-flex e-con e-child\" data-id=\"39b47bb\" data-element_type=\"container\">\n\t\t\t\t<div class=\"elementor-element elementor-element-12218ba5 elementor-invisible elementor-widget elementor-widget-image\" data-id=\"12218ba5\" data-element_type=\"widget\" data-settings=\"{&quot;_animation&quot;:&quot;fadeIn&quot;,&quot;_animation_delay&quot;:150}\" data-widget_type=\"image.default\">\n\t\t\t\t<div class=\"elementor-widget-container\">\n\t\t\t\t\t\t\t\t\t\t\t\t\t\t\t<img decoding=\"async\" src=\"https:\/\/anhermed.es\/wp-content\/uploads\/elementor\/thumbs\/21-r42j2y80add6gugoo6euh3e6v4vximam886bneyvug.jpg\" title=\"21\" alt=\"21\" loading=\"lazy\" \/>\t\t\t\t\t\t\t\t\t\t\t\t\t\t\t<\/div>\n\t\t\t\t<\/div>\n\t\t\t\t<div class=\"elementor-element elementor-element-bf3fe2c elementor-invisible elementor-widget elementor-widget-image\" data-id=\"bf3fe2c\" data-element_type=\"widget\" data-settings=\"{&quot;_animation&quot;:&quot;fadeIn&quot;,&quot;_animation_delay&quot;:250}\" data-widget_type=\"image.default\">\n\t\t\t\t<div class=\"elementor-widget-container\">\n\t\t\t\t\t\t\t\t\t\t\t\t\t\t\t<img decoding=\"async\" src=\"https:\/\/anhermed.es\/wp-content\/uploads\/elementor\/thumbs\/22-r42j4o9ctfr8oan5a2l53vemu9ak6f39nq81dlguiw.jpg\" title=\"22\" alt=\"22\" loading=\"lazy\" \/>\t\t\t\t\t\t\t\t\t\t\t\t\t\t\t<\/div>\n\t\t\t\t<\/div>\n\t\t\t\t<\/div>\n\t\t\t\t<\/div>\n\t\t\t\t<\/div>\n\t\t\t\t\t<\/div>\n\t\t\t\t<\/div>\n\t\t<div class=\"elementor-element elementor-element-49315b26 e-flex e-con-boxed e-con e-parent\" data-id=\"49315b26\" data-element_type=\"container\" data-settings=\"{&quot;background_background&quot;:&quot;classic&quot;}\">\n\t\t\t\t\t<div class=\"e-con-inner\">\n\t\t<div class=\"elementor-element elementor-element-45af1431 e-con-full e-flex e-con e-child\" data-id=\"45af1431\" data-element_type=\"container\" data-settings=\"{&quot;motion_fx_motion_fx_scrolling&quot;:&quot;yes&quot;,&quot;sticky&quot;:&quot;top&quot;,&quot;sticky_offset&quot;:170,&quot;sticky_parent&quot;:&quot;yes&quot;,&quot;sticky_on&quot;:[&quot;desktop&quot;],&quot;motion_fx_devices&quot;:[&quot;desktop&quot;,&quot;tablet&quot;,&quot;mobile&quot;],&quot;sticky_effects_offset&quot;:0}\">\n\t\t<div class=\"elementor-element elementor-element-4ecec783 e-con-full e-flex e-con e-child\" data-id=\"4ecec783\" data-element_type=\"container\" data-settings=\"{&quot;background_background&quot;:&quot;classic&quot;}\">\n\t\t\t\t<div class=\"elementor-element elementor-element-d4cfae0 elementor-widget elementor-widget-heading\" data-id=\"d4cfae0\" data-element_type=\"widget\" data-widget_type=\"heading.default\">\n\t\t\t\t<div class=\"elementor-widget-container\">\n\t\t\t\t\t<h2 class=\"elementor-heading-title elementor-size-default\">Tractaments corporals amb cosm\u00e8tica<\/h2>\t\t\t\t<\/div>\n\t\t\t\t<\/div>\n\t\t\t\t<\/div>\n\t\t\t\t<div class=\"elementor-element elementor-element-1c083f0b elementor-invisible elementor-widget elementor-widget-text-editor\" data-id=\"1c083f0b\" data-element_type=\"widget\" data-settings=\"{&quot;_animation&quot;:&quot;fadeIn&quot;}\" data-widget_type=\"text-editor.default\">\n\t\t\t\t<div class=\"elementor-widget-container\">\n\t\t\t\t\t\t\t\t\t<p>Amb els tractaments corporals redu\u00efm el greix localitzat, la cel\u00b7lulitis, i la\u00a0<span style=\"font-size: 0.944em; letter-spacing: 0px; text-align: var(--text-align); background-color: var( --e-global-color-565a915 );\">retenci\u00f3 de l\u00edquids. Tonifiquem, reafirmem i millorem la textura de les zones tr.<\/span><span style=\"font-size: 0.944em; letter-spacing: 0px; text-align: var(--text-align); background-color: var( --e-global-color-565a915 );\">lligades, eliminant tamb\u00e9 les arrugues.<\/span><\/p>\t\t\t\t\t\t\t\t<\/div>\n\t\t\t\t<\/div>\n\t\t\t\t<\/div>\n\t\t<div class=\"elementor-element elementor-element-14a1f88e e-con-full e-flex e-con e-child\" data-id=\"14a1f88e\" data-element_type=\"container\">\n\t\t<div class=\"elementor-element elementor-element-4b2be13c e-con-full e-flex e-con e-child\" data-id=\"4b2be13c\" data-element_type=\"container\" data-settings=\"{&quot;background_background&quot;:&quot;classic&quot;}\">\n\t\t\t\t<div class=\"elementor-element elementor-element-54ad7956 elementor-widget elementor-widget-price-list\" data-id=\"54ad7956\" data-element_type=\"widget\" data-widget_type=\"price-list.default\">\n\t\t\t\t<div class=\"elementor-widget-container\">\n\t\t\t\t\t\n\t\t<ul class=\"elementor-price-list\">\n\n\t\t\t\t\t\t\t\t\t<li class=\"elementor-price-list-item\">\t\t\t\t\n\t\t\t\t<div class=\"elementor-price-list-text\">\n\t\t\t\t\t\t\t\t\t<div class=\"elementor-price-list-header\">\n\t\t\t\t\t\t\t\t\t\t\t<span class=\"elementor-price-list-title\">\n\t\t\t\t\t\t\tCel\u00b7lulitis\t\t\t\t\t\t<\/span>\n\t\t\t\t\t\t\t\t\t\t\t\t\t\t\t\t\t\t\t\t\t<\/div>\n\t\t\t\t\t\t\t\t\t\t\t\t\t\t\t<p class=\"elementor-price-list-description\">\n\t\t\t\t\t\t\tLa cel\u00b7lulitis \u00e9s una alteraci\u00f3 del teixit conjuntiu subcutani. Comen\u00e7a amb un edema intersticial reversible en el primer grau i evoluciona lentament travessant diverses fases. Abordem el tractament de les diferents fases de la cel\u00b7lulitis mitjan\u00e7ant una combinaci\u00f3 de tecnologia i protocols propis, incloent-hi tamb\u00e9 si cal pautes de nutrici\u00f3\t\t\t\t\t\t<\/p>\n\t\t\t\t\t\t\t\t<\/div>\n\t\t\t\t<\/li>\t\t\t\t\t\n\t\t<\/ul>\n\n\t\t\t\t\t\t<\/div>\n\t\t\t\t<\/div>\n\t\t\t\t<\/div>\n\t\t<div class=\"elementor-element elementor-element-2317220 e-con-full e-flex e-con e-child\" data-id=\"2317220\" data-element_type=\"container\" data-settings=\"{&quot;background_background&quot;:&quot;classic&quot;}\">\n\t\t\t\t<div class=\"elementor-element elementor-element-ddaf392 elementor-widget elementor-widget-price-list\" data-id=\"ddaf392\" data-element_type=\"widget\" data-widget_type=\"price-list.default\">\n\t\t\t\t<div class=\"elementor-widget-container\">\n\t\t\t\t\t\n\t\t<ul class=\"elementor-price-list\">\n\n\t\t\t\t\t\t\t\t\t<li class=\"elementor-price-list-item\">\t\t\t\t\n\t\t\t\t<div class=\"elementor-price-list-text\">\n\t\t\t\t\t\t\t\t\t<div class=\"elementor-price-list-header\">\n\t\t\t\t\t\t\t\t\t\t\t<span class=\"elementor-price-list-title\">\n\t\t\t\t\t\t\tReafirmar\t\t\t\t\t\t<\/span>\n\t\t\t\t\t\t\t\t\t\t\t\t\t\t\t\t\t\t\t\t\t<\/div>\n\t\t\t\t\t\t\t\t\t\t\t\t\t\t\t<p class=\"elementor-price-list-description\">\n\t\t\t\t\t\t\tMitjan\u00e7ant els tractaments reafirmants corporals volem que tornis a mostrar la teva figura millor. Les nostres t\u00e8cniques combaten la flacciditat corporal que no \u00e9s altra que la p\u00e8rdua d&#039;elasticitat i fermesa de la pell a causa de factors diversos com la vellesa, el sedentarisme o l&#039;embar\u00e0s entre d&#039;altres. Els tractaments de reafirmaci\u00f3 requereixen l&#039;\u00fas de la nostra tecnologia T-SHAPE combinant radiofreq\u00fc\u00e8ncia, ultras\u00f2 o ones de xoc\t\t\t\t\t\t<\/p>\n\t\t\t\t\t\t\t\t<\/div>\n\t\t\t\t<\/li>\t\t\t\t\t\n\t\t<\/ul>\n\n\t\t\t\t\t\t<\/div>\n\t\t\t\t<\/div>\n\t\t\t\t<\/div>\n\t\t<div class=\"elementor-element elementor-element-993383a e-con-full e-flex e-con e-child\" data-id=\"993383a\" data-element_type=\"container\" data-settings=\"{&quot;background_background&quot;:&quot;classic&quot;}\">\n\t\t\t\t<div class=\"elementor-element elementor-element-9ffc9d2 elementor-widget elementor-widget-price-list\" data-id=\"9ffc9d2\" data-element_type=\"widget\" data-widget_type=\"price-list.default\">\n\t\t\t\t<div class=\"elementor-widget-container\">\n\t\t\t\t\t\n\t\t<ul class=\"elementor-price-list\">\n\n\t\t\t\t\t\t\t\t\t<li class=\"elementor-price-list-item\">\t\t\t\t\n\t\t\t\t<div class=\"elementor-price-list-text\">\n\t\t\t\t\t\t\t\t\t<div class=\"elementor-price-list-header\">\n\t\t\t\t\t\t\t\t\t\t\t<span class=\"elementor-price-list-title\">\n\t\t\t\t\t\t\tReduir\t\t\t\t\t\t<\/span>\n\t\t\t\t\t\t\t\t\t\t\t\t\t\t\t\t\t\t\t\t\t<\/div>\n\t\t\t\t\t\t\t\t\t\t\t\t\t\t\t<p class=\"elementor-price-list-description\">\n\t\t\t\t\t\t\tL\u201fobjectiu d\u201faquests tractaments \u00e9s la reducci\u00f3 de greix localitzat i la p\u00e8rdua de pes. Al nostre centre apliquem tractaments contra la retenci\u00f3 de l\u00edquids, per estimular el sistema limf\u00e0tic, per a l&#039;estimulaci\u00f3 de col\u00b7lagen i altres, tots mitjan\u00e7ant la combinaci\u00f3 de tecnologia T-SHAPE i protocols propis\t\t\t\t\t\t<\/p>\n\t\t\t\t\t\t\t\t<\/div>\n\t\t\t\t<\/li>\t\t\t\t\t\n\t\t<\/ul>\n\n\t\t\t\t\t\t<\/div>\n\t\t\t\t<\/div>\n\t\t\t\t<\/div>\n\t\t<div class=\"elementor-element elementor-element-b4dd289 e-con-full e-flex e-con e-child\" data-id=\"b4dd289\" data-element_type=\"container\" data-settings=\"{&quot;background_background&quot;:&quot;classic&quot;}\">\n\t\t\t\t<div class=\"elementor-element elementor-element-dd0895e elementor-widget elementor-widget-price-list\" data-id=\"dd0895e\" data-element_type=\"widget\" data-widget_type=\"price-list.default\">\n\t\t\t\t<div class=\"elementor-widget-container\">\n\t\t\t\t\t\n\t\t<ul class=\"elementor-price-list\">\n\n\t\t\t\t\t\t\t\t\t<li class=\"elementor-price-list-item\">\t\t\t\t\n\t\t\t\t<div class=\"elementor-price-list-text\">\n\t\t\t\t\t\t\t\t\t<div class=\"elementor-price-list-header\">\n\t\t\t\t\t\t\t\t\t\t\t<span class=\"elementor-price-list-title\">\n\t\t\t\t\t\t\tHomes\t\t\t\t\t\t<\/span>\n\t\t\t\t\t\t\t\t\t\t\t\t\t\t\t\t\t\t\t\t\t<\/div>\n\t\t\t\t\t\t\t\t\t\t\t\t\t\t\t<p class=\"elementor-price-list-description\">\n\t\t\t\t\t\t\tAvui dia ja existeix una demanda d&#039;est\u00e8tica masculina que inclou no nom\u00e9s la depilaci\u00f3 o les neteges facials. Al nostre centre abordem de forma espec\u00edfica la cura masculina tractant la flacciditat, les arrugues o els tractaments de reducci\u00f3 de volum mascul\u00ed\t\t\t\t\t\t<\/p>\n\t\t\t\t\t\t\t\t<\/div>\n\t\t\t\t<\/li>\t\t\t\t\t\n\t\t<\/ul>\n\n\t\t\t\t\t\t<\/div>\n\t\t\t\t<\/div>\n\t\t\t\t<\/div>\n\t\t<div class=\"elementor-element elementor-element-c738553 e-con-full e-flex e-con e-child\" data-id=\"c738553\" data-element_type=\"container\" data-settings=\"{&quot;background_background&quot;:&quot;classic&quot;}\">\n\t\t\t\t<div class=\"elementor-element elementor-element-93124b7 elementor-widget elementor-widget-price-list\" data-id=\"93124b7\" data-element_type=\"widget\" data-widget_type=\"price-list.default\">\n\t\t\t\t<div class=\"elementor-widget-container\">\n\t\t\t\t\t\n\t\t<ul class=\"elementor-price-list\">\n\n\t\t\t\t\t\t\t\t\t<li class=\"elementor-price-list-item\">\t\t\t\t\n\t\t\t\t<div class=\"elementor-price-list-text\">\n\t\t\t\t\t\t\t\t\t<div class=\"elementor-price-list-header\">\n\t\t\t\t\t\t\t\t\t\t\t<span class=\"elementor-price-list-title\">\n\t\t\t\t\t\t\tCura personal i benestar\t\t\t\t\t\t<\/span>\n\t\t\t\t\t\t\t\t\t\t\t\t\t\t\t\t\t\t\t\t\t<\/div>\n\t\t\t\t\t\t\t\t\t\t\t\t\t\t\t<p class=\"elementor-price-list-description\">\n\t\t\t\t\t\t\tMans expertes i un entorn adequat s\u00f3n imprescindibles per a una completa experi\u00e8ncia en els nostres serveis de massatge. Cuidem tots els detalls a la nostra cabina perqu\u00e8 els nostres clients trobin aquest espai de relaxaci\u00f3 sensorial\t\t\t\t\t\t<\/p>\n\t\t\t\t\t\t\t\t<\/div>\n\t\t\t\t<\/li>\t\t\t\t\t\n\t\t<\/ul>\n\n\t\t\t\t\t\t<\/div>\n\t\t\t\t<\/div>\n\t\t\t\t<\/div>\n\t\t\t\t<\/div>\n\t\t\t\t\t<\/div>\n\t\t\t\t<\/div>\n\t\t<div class=\"elementor-element elementor-element-b979a80 e-flex e-con-boxed e-con e-parent\" data-id=\"b979a80\" data-element_type=\"container\" data-settings=\"{&quot;background_background&quot;:&quot;classic&quot;}\">\n\t\t\t\t\t<div class=\"e-con-inner\">\n\t\t\t\t<div class=\"elementor-element elementor-element-77236b2 elementor-widget elementor-widget-heading\" data-id=\"77236b2\" data-element_type=\"widget\" data-widget_type=\"heading.default\">\n\t\t\t\t<div class=\"elementor-widget-container\">\n\t\t\t\t\t<h3 class=\"elementor-heading-title elementor-size-default\">Contacta amb nosaltres i reserva la teva cita aqu\u00ed<\/h3>\t\t\t\t<\/div>\n\t\t\t\t<\/div>\n\t\t\t\t<div class=\"elementor-element elementor-element-d44e243 elementor-align-center elementor-mobile-align-justify elementor-widget elementor-widget-button\" data-id=\"d44e243\" data-element_type=\"widget\" data-widget_type=\"button.default\">\n\t\t\t\t<div class=\"elementor-widget-container\">\n\t\t\t\t\t\t\t\t\t<div class=\"elementor-button-wrapper\">\n\t\t\t\t\t<a class=\"elementor-button elementor-button-link elementor-size-sm\" href=\"#\">\n\t\t\t\t\t\t<span class=\"elementor-button-content-wrapper\">\n\t\t\t\t\t\t\t\t\t<span class=\"elementor-button-text\">Reserva cita<\/span>\n\t\t\t\t\t<\/span>\n\t\t\t\t\t<\/a>\n\t\t\t\t<\/div>\n\t\t\t\t\t\t\t\t<\/div>\n\t\t\t\t<\/div>\n\t\t\t\t\t<\/div>\n\t\t\t\t<\/div>\n\t\t\t\t<\/div>","protected":false},"excerpt":{"rendered":"<p>Tractaments corporals per potenciar el teu benestar i accentuar la teva fermesa T-shape \u00e9s el multisistema 3 en 1 que combina l&#039;extraordinari poder de la readiofreq\u00fc\u00e8ncia multipolar, el l\u00e0ser LLT i la succi\u00f3 de buit per esculpir el cos, reafirmar i drenar. Cada tractament es personalitza per garantir resultats visibles i duradors, proporcionant una experi\u00e8ncia professional [\u2026]<\/p>","protected":false},"author":5,"featured_media":0,"parent":0,"menu_order":0,"comment_status":"closed","ping_status":"closed","template":"","meta":{"footnotes":""},"class_list":["post-67","page","type-page","status-publish","hentry"],"yoast_head":"<!-- This site is optimized with the Yoast SEO plugin v26.8 - https:\/\/yoast.com\/product\/yoast-seo-wordpress\/ -->\n<title>Tratamientos corporales - Anhermed<\/title>\n<meta name=\"description\" content=\"Tratamientos corporales en Anhermed para remodelar, reafirmar y cuidar tu cuerpo con tecnolog\u00eda m\u00e9dica y resultados visibles.\" \/>\n<meta name=\"robots\" content=\"index, follow, max-snippet:-1, max-image-preview:large, max-video-preview:-1\" \/>\n<link rel=\"canonical\" href=\"https:\/\/anhermed.es\/cat\/tratamientos-corporales\/\" \/>\n<meta property=\"og:locale\" content=\"ca_ES\" \/>\n<meta property=\"og:type\" content=\"article\" \/>\n<meta property=\"og:title\" content=\"Tratamientos corporales - Anhermed\" \/>\n<meta property=\"og:description\" content=\"Tratamientos corporales en Anhermed para remodelar, reafirmar y cuidar tu cuerpo con tecnolog\u00eda m\u00e9dica y resultados visibles.\" \/>\n<meta property=\"og:url\" content=\"https:\/\/anhermed.es\/cat\/tratamientos-corporales\/\" \/>\n<meta property=\"og:site_name\" content=\"Anhermed\" \/>\n<meta property=\"article:modified_time\" content=\"2026-01-20T16:29:03+00:00\" \/>\n<meta property=\"og:image\" content=\"https:\/\/anhermed.es\/wp-content\/uploads\/elementor\/thumbs\/26-1-qqw7ojrogxq2au40p57wwufhsgttgtop1ee6816yyw.jpg\" \/>\n<meta name=\"twitter:card\" content=\"summary_large_image\" \/>\n<meta name=\"twitter:label1\" content=\"Temps estimat de lectura\" \/>\n\t<meta name=\"twitter:data1\" content=\"3 minuts\" \/>\n<script type=\"application\/ld+json\" class=\"yoast-schema-graph\">{\"@context\":\"https:\/\/schema.org\",\"@graph\":[{\"@type\":\"WebPage\",\"@id\":\"https:\/\/anhermed.es\/tratamientos-corporales\/\",\"url\":\"https:\/\/anhermed.es\/tratamientos-corporales\/\",\"name\":\"Tratamientos corporales - Anhermed\",\"isPartOf\":{\"@id\":\"https:\/\/anhermed.es\/#website\"},\"primaryImageOfPage\":{\"@id\":\"https:\/\/anhermed.es\/tratamientos-corporales\/#primaryimage\"},\"image\":{\"@id\":\"https:\/\/anhermed.es\/tratamientos-corporales\/#primaryimage\"},\"thumbnailUrl\":\"https:\/\/anhermed.es\/wp-content\/uploads\/elementor\/thumbs\/26-1-qqw7ojrogxq2au40p57wwufhsgttgtop1ee6816yyw.jpg\",\"datePublished\":\"2024-07-09T11:40:16+00:00\",\"dateModified\":\"2026-01-20T16:29:03+00:00\",\"description\":\"Tratamientos corporales en Anhermed para remodelar, reafirmar y cuidar tu cuerpo con tecnolog\u00eda m\u00e9dica y resultados visibles.\",\"breadcrumb\":{\"@id\":\"https:\/\/anhermed.es\/tratamientos-corporales\/#breadcrumb\"},\"inLanguage\":\"ca\",\"potentialAction\":[{\"@type\":\"ReadAction\",\"target\":[\"https:\/\/anhermed.es\/tratamientos-corporales\/\"]}]},{\"@type\":\"ImageObject\",\"inLanguage\":\"ca\",\"@id\":\"https:\/\/anhermed.es\/tratamientos-corporales\/#primaryimage\",\"url\":\"https:\/\/anhermed.es\/wp-content\/uploads\/elementor\/thumbs\/26-1-qqw7ojrogxq2au40p57wwufhsgttgtop1ee6816yyw.jpg\",\"contentUrl\":\"https:\/\/anhermed.es\/wp-content\/uploads\/elementor\/thumbs\/26-1-qqw7ojrogxq2au40p57wwufhsgttgtop1ee6816yyw.jpg\"},{\"@type\":\"BreadcrumbList\",\"@id\":\"https:\/\/anhermed.es\/tratamientos-corporales\/#breadcrumb\",\"itemListElement\":[{\"@type\":\"ListItem\",\"position\":1,\"name\":\"Portada\",\"item\":\"https:\/\/anhermed.es\/\"},{\"@type\":\"ListItem\",\"position\":2,\"name\":\"Tratamientos corporales\"}]},{\"@type\":\"WebSite\",\"@id\":\"https:\/\/anhermed.es\/#website\",\"url\":\"https:\/\/anhermed.es\/\",\"name\":\"Anhermed\",\"description\":\"\",\"publisher\":{\"@id\":\"https:\/\/anhermed.es\/#organization\"},\"potentialAction\":[{\"@type\":\"SearchAction\",\"target\":{\"@type\":\"EntryPoint\",\"urlTemplate\":\"https:\/\/anhermed.es\/?s={search_term_string}\"},\"query-input\":{\"@type\":\"PropertyValueSpecification\",\"valueRequired\":true,\"valueName\":\"search_term_string\"}}],\"inLanguage\":\"ca\"},{\"@type\":\"Organization\",\"@id\":\"https:\/\/anhermed.es\/#organization\",\"name\":\"Anhermed\",\"url\":\"https:\/\/anhermed.es\/\",\"logo\":{\"@type\":\"ImageObject\",\"inLanguage\":\"ca\",\"@id\":\"https:\/\/anhermed.es\/#\/schema\/logo\/image\/\",\"url\":\"https:\/\/anhermed.es\/wp-content\/uploads\/2024\/07\/ANHERMED-1.svg\",\"contentUrl\":\"https:\/\/anhermed.es\/wp-content\/uploads\/2024\/07\/ANHERMED-1.svg\",\"width\":209,\"height\":215,\"caption\":\"Anhermed\"},\"image\":{\"@id\":\"https:\/\/anhermed.es\/#\/schema\/logo\/image\/\"}}]}<\/script>\n<!-- \/ Yoast SEO plugin. -->","yoast_head_json":{"title":"Tratamientos corporales - Anhermed","description":"Tratamientos corporales en Anhermed para remodelar, reafirmar y cuidar tu cuerpo con tecnolog\u00eda m\u00e9dica y resultados visibles.","robots":{"index":"index","follow":"follow","max-snippet":"max-snippet:-1","max-image-preview":"max-image-preview:large","max-video-preview":"max-video-preview:-1"},"canonical":"https:\/\/anhermed.es\/cat\/tratamientos-corporales\/","og_locale":"ca_ES","og_type":"article","og_title":"Tratamientos corporales - Anhermed","og_description":"Tratamientos corporales en Anhermed para remodelar, reafirmar y cuidar tu cuerpo con tecnolog\u00eda m\u00e9dica y resultados visibles.","og_url":"https:\/\/anhermed.es\/cat\/tratamientos-corporales\/","og_site_name":"Anhermed","article_modified_time":"2026-01-20T16:29:03+00:00","og_image":[{"url":"https:\/\/anhermed.es\/wp-content\/uploads\/elementor\/thumbs\/26-1-qqw7ojrogxq2au40p57wwufhsgttgtop1ee6816yyw.jpg","type":"","width":"","height":""}],"twitter_card":"summary_large_image","twitter_misc":{"Temps estimat de lectura":"3 minuts"},"schema":{"@context":"https:\/\/schema.org","@graph":[{"@type":"WebPage","@id":"https:\/\/anhermed.es\/tratamientos-corporales\/","url":"https:\/\/anhermed.es\/tratamientos-corporales\/","name":"Tratamientos corporales - Anhermed","isPartOf":{"@id":"https:\/\/anhermed.es\/#website"},"primaryImageOfPage":{"@id":"https:\/\/anhermed.es\/tratamientos-corporales\/#primaryimage"},"image":{"@id":"https:\/\/anhermed.es\/tratamientos-corporales\/#primaryimage"},"thumbnailUrl":"https:\/\/anhermed.es\/wp-content\/uploads\/elementor\/thumbs\/26-1-qqw7ojrogxq2au40p57wwufhsgttgtop1ee6816yyw.jpg","datePublished":"2024-07-09T11:40:16+00:00","dateModified":"2026-01-20T16:29:03+00:00","description":"Tratamientos corporales en Anhermed para remodelar, reafirmar y cuidar tu cuerpo con tecnolog\u00eda m\u00e9dica y resultados visibles.","breadcrumb":{"@id":"https:\/\/anhermed.es\/tratamientos-corporales\/#breadcrumb"},"inLanguage":"ca","potentialAction":[{"@type":"ReadAction","target":["https:\/\/anhermed.es\/tratamientos-corporales\/"]}]},{"@type":"ImageObject","inLanguage":"ca","@id":"https:\/\/anhermed.es\/tratamientos-corporales\/#primaryimage","url":"https:\/\/anhermed.es\/wp-content\/uploads\/elementor\/thumbs\/26-1-qqw7ojrogxq2au40p57wwufhsgttgtop1ee6816yyw.jpg","contentUrl":"https:\/\/anhermed.es\/wp-content\/uploads\/elementor\/thumbs\/26-1-qqw7ojrogxq2au40p57wwufhsgttgtop1ee6816yyw.jpg"},{"@type":"BreadcrumbList","@id":"https:\/\/anhermed.es\/tratamientos-corporales\/#breadcrumb","itemListElement":[{"@type":"ListItem","position":1,"name":"Portada","item":"https:\/\/anhermed.es\/"},{"@type":"ListItem","position":2,"name":"Tratamientos corporales"}]},{"@type":"WebSite","@id":"https:\/\/anhermed.es\/#website","url":"https:\/\/anhermed.es\/","name":"Anhermed","description":"","publisher":{"@id":"https:\/\/anhermed.es\/#organization"},"potentialAction":[{"@type":"SearchAction","target":{"@type":"EntryPoint","urlTemplate":"https:\/\/anhermed.es\/?s={search_term_string}"},"query-input":{"@type":"PropertyValueSpecification","valueRequired":true,"valueName":"search_term_string"}}],"inLanguage":"ca"},{"@type":"Organization","@id":"https:\/\/anhermed.es\/#organization","name":"Anhermed","url":"https:\/\/anhermed.es\/","logo":{"@type":"ImageObject","inLanguage":"ca","@id":"https:\/\/anhermed.es\/#\/schema\/logo\/image\/","url":"https:\/\/anhermed.es\/wp-content\/uploads\/2024\/07\/ANHERMED-1.svg","contentUrl":"https:\/\/anhermed.es\/wp-content\/uploads\/2024\/07\/ANHERMED-1.svg","width":209,"height":215,"caption":"Anhermed"},"image":{"@id":"https:\/\/anhermed.es\/#\/schema\/logo\/image\/"}}]}},"_links":{"self":[{"href":"https:\/\/anhermed.es\/cat\/wp-json\/wp\/v2\/pages\/67","targetHints":{"allow":["GET"]}}],"collection":[{"href":"https:\/\/anhermed.es\/cat\/wp-json\/wp\/v2\/pages"}],"about":[{"href":"https:\/\/anhermed.es\/cat\/wp-json\/wp\/v2\/types\/page"}],"author":[{"embeddable":true,"href":"https:\/\/anhermed.es\/cat\/wp-json\/wp\/v2\/users\/5"}],"replies":[{"embeddable":true,"href":"https:\/\/anhermed.es\/cat\/wp-json\/wp\/v2\/comments?post=67"}],"version-history":[{"count":51,"href":"https:\/\/anhermed.es\/cat\/wp-json\/wp\/v2\/pages\/67\/revisions"}],"predecessor-version":[{"id":1880,"href":"https:\/\/anhermed.es\/cat\/wp-json\/wp\/v2\/pages\/67\/revisions\/1880"}],"wp:attachment":[{"href":"https:\/\/anhermed.es\/cat\/wp-json\/wp\/v2\/media?parent=67"}],"curies":[{"name":"wp","href":"https:\/\/api.w.org\/{rel}","templated":true}]}}