{"id":1161,"date":"2024-07-10T07:40:00","date_gmt":"2024-07-10T07:40:00","guid":{"rendered":"https:\/\/anhermed.es\/?page_id=1161"},"modified":"2026-01-20T17:39:29","modified_gmt":"2026-01-20T16:39:29","slug":"contacto","status":"publish","type":"page","link":"https:\/\/anhermed.es\/cat\/contacto\/","title":{"rendered":"Contacte"},"content":{"rendered":"<div data-elementor-type=\"wp-page\" data-elementor-id=\"1161\" class=\"elementor elementor-1161\" data-elementor-post-type=\"page\">\n\t\t\t\t<div class=\"elementor-element elementor-element-bb4719a e-flex e-con-boxed e-con e-parent\" data-id=\"bb4719a\" data-element_type=\"container\" data-settings=\"{&quot;background_background&quot;:&quot;classic&quot;}\">\n\t\t\t\t\t<div class=\"e-con-inner\">\n\t\t\t\t<div class=\"elementor-element elementor-element-90784a4 elementor-widget elementor-widget-heading\" data-id=\"90784a4\" data-element_type=\"widget\" data-widget_type=\"heading.default\">\n\t\t\t\t<div class=\"elementor-widget-container\">\n\t\t\t\t\t<h1 class=\"elementor-heading-title elementor-size-default\">Contacte<\/h1>\t\t\t\t<\/div>\n\t\t\t\t<\/div>\n\t\t\t\t\t<\/div>\n\t\t\t\t<\/div>\n\t\t<div class=\"elementor-element elementor-element-a3f17b6 e-flex e-con-boxed e-con e-parent\" data-id=\"a3f17b6\" data-element_type=\"container\" data-settings=\"{&quot;background_background&quot;:&quot;classic&quot;}\">\n\t\t\t\t\t<div class=\"e-con-inner\">\n\t\t<div class=\"elementor-element elementor-element-c163d0d e-con-full e-flex e-con e-child\" data-id=\"c163d0d\" data-element_type=\"container\">\n\t\t\t\t<div class=\"elementor-element elementor-element-21c8528 elementor-widget elementor-widget-heading\" data-id=\"21c8528\" data-element_type=\"widget\" data-widget_type=\"heading.default\">\n\t\t\t\t<div class=\"elementor-widget-container\">\n\t\t\t\t\t<h2 class=\"elementor-heading-title elementor-size-default\">Posa&#039;t en contacte amb nosaltres<\/h2>\t\t\t\t<\/div>\n\t\t\t\t<\/div>\n\t\t\t\t<div class=\"elementor-element elementor-element-ad82469 elementor-invisible elementor-widget elementor-widget-text-editor\" data-id=\"ad82469\" data-element_type=\"widget\" data-settings=\"{&quot;_animation&quot;:&quot;fadeIn&quot;}\" data-widget_type=\"text-editor.default\">\n\t\t\t\t<div class=\"elementor-widget-container\">\n\t\t\t\t\t\t\t\t\t<p>Som aqu\u00ed per ajudar-te i respondre qualsevol pregunta que tinguis sobre els nostres serveis, productes o tractaments.<\/p><p>A ANHERMED, ens comprometem a proporcionar-te un servei al client excepcional. No dubtis en contactar-nos i estarem encantats d&#039;ajudar-te en el viatge cap a una bellesa i benestar millorats.<\/p>\t\t\t\t\t\t\t\t<\/div>\n\t\t\t\t<\/div>\n\t\t\t\t<div class=\"elementor-element elementor-element-d4fd22b elementor-align-start elementor-icon-list--layout-traditional elementor-list-item-link-full_width elementor-widget elementor-widget-icon-list\" data-id=\"d4fd22b\" data-element_type=\"widget\" data-widget_type=\"icon-list.default\">\n\t\t\t\t<div class=\"elementor-widget-container\">\n\t\t\t\t\t\t\t<ul class=\"elementor-icon-list-items\">\n\t\t\t\t\t\t\t<li class=\"elementor-icon-list-item\">\n\t\t\t\t\t\t\t\t\t\t\t<a href=\"tel:%20+34623029145\" target=\"_blank\">\n\n\t\t\t\t\t\t\t\t\t\t\t\t<span class=\"elementor-icon-list-icon\">\n\t\t\t\t\t\t\t<svg aria-hidden=\"true\" class=\"e-font-icon-svg e-fab-whatsapp\" viewbox=\"0 0 448 512\" xmlns=\"http:\/\/www.w3.org\/2000\/svg\"><path d=\"M380.9 97.1C339 55.1 283.2 32 223.9 32c-122.4 0-222 99.6-222 222 0 39.1 10.2 77.3 29.6 111L0 480l117.7-30.9c32.4 17.7 68.9 27 106.1 27h.1c122.3 0 224.1-99.6 224.1-222 0-59.3-25.2-115-67.1-157zm-157 341.6c-33.2 0-65.7-8.9-94-25.7l-6.7-4-69.8 18.3L72 359.2l-4.4-7c-18.5-29.4-28.2-63.3-28.2-98.2 0-101.7 82.8-184.5 184.6-184.5 49.3 0 95.6 19.2 130.4 54.1 34.8 34.9 56.2 81.2 56.1 130.5 0 101.8-84.9 184.6-186.6 184.6zm101.2-138.2c-5.5-2.8-32.8-16.2-37.9-18-5.1-1.9-8.8-2.8-12.5 2.8-3.7 5.6-14.3 18-17.6 21.8-3.2 3.7-6.5 4.2-12 1.4-32.6-16.3-54-29.1-75.5-66-5.7-9.8 5.7-9.1 16.3-30.3 1.8-3.7.9-6.9-.5-9.7-1.4-2.8-12.5-30.1-17.1-41.2-4.5-10.8-9.1-9.3-12.5-9.5-3.2-.2-6.9-.2-10.6-.2-3.7 0-9.7 1.4-14.8 6.9-5.1 5.6-19.4 19-19.4 46.3 0 27.3 19.9 53.7 22.6 57.4 2.8 3.7 39.1 59.7 94.8 83.8 35.2 15.2 49 16.5 66.6 13.9 10.7-1.6 32.8-13.4 37.4-26.4 4.6-13 4.6-24.1 3.2-26.4-1.3-2.5-5-3.9-10.5-6.6z\"><\/path><\/svg>\t\t\t\t\t\t<\/span>\n\t\t\t\t\t\t\t\t\t\t<span class=\"elementor-icon-list-text\">+34 623 02 91 45<\/span>\n\t\t\t\t\t\t\t\t\t\t\t<\/a>\n\t\t\t\t\t\t\t\t\t<\/li>\n\t\t\t\t\t\t\t\t<li class=\"elementor-icon-list-item\">\n\t\t\t\t\t\t\t\t\t\t\t<a href=\"mailto:%20info@anhermed.es\" target=\"_blank\">\n\n\t\t\t\t\t\t\t\t\t\t\t\t<span class=\"elementor-icon-list-icon\">\n\t\t\t\t\t\t\t<svg aria-hidden=\"true\" class=\"e-font-icon-svg e-far-envelope\" viewbox=\"0 0 512 512\" xmlns=\"http:\/\/www.w3.org\/2000\/svg\"><path d=\"M464 64H48C21.49 64 0 85.49 0 112v288c0 26.51 21.49 48 48 48h416c26.51 0 48-21.49 48-48V112c0-26.51-21.49-48-48-48zm0 48v40.805c-22.422 18.259-58.168 46.651-134.587 106.49-16.841 13.247-50.201 45.072-73.413 44.701-23.208.375-56.579-31.459-73.413-44.701C106.18 199.465 70.425 171.067 48 152.805V112h416zM48 400V214.398c22.914 18.251 55.409 43.862 104.938 82.646 21.857 17.205 60.134 55.186 103.062 54.955 42.717.231 80.509-37.199 103.053-54.947 49.528-38.783 82.032-64.401 104.947-82.653V400H48z\"><\/path><\/svg>\t\t\t\t\t\t<\/span>\n\t\t\t\t\t\t\t\t\t\t<span class=\"elementor-icon-list-text\">info@anhermed.es<\/span>\n\t\t\t\t\t\t\t\t\t\t\t<\/a>\n\t\t\t\t\t\t\t\t\t<\/li>\n\t\t\t\t\t\t\t\t<li class=\"elementor-icon-list-item\">\n\t\t\t\t\t\t\t\t\t\t\t<a href=\"tel:%20+34937069900\" target=\"_blank\">\n\n\t\t\t\t\t\t\t\t\t\t\t\t<span class=\"elementor-icon-list-icon\">\n\t\t\t\t\t\t\t<svg aria-hidden=\"true\" class=\"e-font-icon-svg e-fas-mobile-alt\" viewbox=\"0 0 320 512\" xmlns=\"http:\/\/www.w3.org\/2000\/svg\"><path d=\"M272 0H48C21.5 0 0 21.5 0 48v416c0 26.5 21.5 48 48 48h224c26.5 0 48-21.5 48-48V48c0-26.5-21.5-48-48-48zM160 480c-17.7 0-32-14.3-32-32s14.3-32 32-32 32 14.3 32 32-14.3 32-32 32zm112-108c0 6.6-5.4 12-12 12H60c-6.6 0-12-5.4-12-12V60c0-6.6 5.4-12 12-12h200c6.6 0 12 5.4 12 12v312z\"><\/path><\/svg>\t\t\t\t\t\t<\/span>\n\t\t\t\t\t\t\t\t\t\t<span class=\"elementor-icon-list-text\">+34 937 06 99 00<\/span>\n\t\t\t\t\t\t\t\t\t\t\t<\/a>\n\t\t\t\t\t\t\t\t\t<\/li>\n\t\t\t\t\t\t<\/ul>\n\t\t\t\t\t\t<\/div>\n\t\t\t\t<\/div>\n\t\t\t\t<\/div>\n\t\t<div class=\"elementor-element elementor-element-2e0350a e-con-full e-flex e-con e-child\" data-id=\"2e0350a\" data-element_type=\"container\">\n\t\t\t\t<div class=\"elementor-element elementor-element-71e0c71 elementor-widget elementor-widget-google_maps\" data-id=\"71e0c71\" data-element_type=\"widget\" data-widget_type=\"google_maps.default\">\n\t\t\t\t<div class=\"elementor-widget-container\">\n\t\t\t\t\t\t\t<div class=\"elementor-custom-embed\">\n\t\t\t<iframe loading=\"lazy\"\n\t\t\t\t\tsrc=\"https:\/\/maps.google.com\/maps?q=anhermed&#038;t=m&#038;z=14&#038;output=embed&#038;iwloc=near\"\n\t\t\t\t\ttitle=\"anhermed\"\n\t\t\t\t\taria-label=\"anhermed\"\n\t\t\t><\/iframe>\n\t\t<\/div>\n\t\t\t\t\t\t<\/div>\n\t\t\t\t<\/div>\n\t\t\t\t<\/div>\n\t\t\t\t\t<\/div>\n\t\t\t\t<\/div>\n\t\t<div class=\"elementor-element elementor-element-d5123dd e-flex e-con-boxed e-con e-parent\" data-id=\"d5123dd\" data-element_type=\"container\" data-settings=\"{&quot;background_background&quot;:&quot;classic&quot;}\">\n\t\t\t\t\t<div class=\"e-con-inner\">\n\t\t<div class=\"elementor-element elementor-element-5807e89 e-con-full e-flex e-con e-child\" data-id=\"5807e89\" data-element_type=\"container\">\n\t\t\t\t<div class=\"elementor-element elementor-element-db2f90a elementor-widget elementor-widget-heading\" data-id=\"db2f90a\" data-element_type=\"widget\" data-widget_type=\"heading.default\">\n\t\t\t\t<div class=\"elementor-widget-container\">\n\t\t\t\t\t<h2 class=\"elementor-heading-title elementor-size-default\">Et proporcionem assessorament professional i orientaci\u00f3 personalitzada<\/h2>\t\t\t\t<\/div>\n\t\t\t\t<\/div>\n\t\t\t\t<div class=\"elementor-element elementor-element-0d2a151 elementor-invisible elementor-widget elementor-widget-text-editor\" data-id=\"0d2a151\" data-element_type=\"widget\" data-settings=\"{&quot;_animation&quot;:&quot;fadeIn&quot;}\" data-widget_type=\"text-editor.default\">\n\t\t\t\t<div class=\"elementor-widget-container\">\n\t\t\t\t\t\t\t\t\t<p>Els nostres experts estan disponibles per proporcionar orientaci\u00f3 personalitzada i recomanacions basades en el teu tipus de pell i necessitats espec\u00edfiques. Pots contactar-nos de manera r\u00e0pida omplint el seg\u00fcent formulari.<\/p>\t\t\t\t\t\t\t\t<\/div>\n\t\t\t\t<\/div>\n\t\t\t\t<\/div>\n\t\t<div class=\"elementor-element elementor-element-1cc46f9 e-con-full e-flex e-con e-child\" data-id=\"1cc46f9\" data-element_type=\"container\" data-settings=\"{&quot;background_background&quot;:&quot;classic&quot;}\">\n\t\t\t\t<div class=\"elementor-element elementor-element-34cc8c4 elementor-widget elementor-widget-heading\" data-id=\"34cc8c4\" data-element_type=\"widget\" data-widget_type=\"heading.default\">\n\t\t\t\t<div class=\"elementor-widget-container\">\n\t\t\t\t\t<h5 class=\"elementor-heading-title elementor-size-default\">Demana una cita<\/h5>\t\t\t\t<\/div>\n\t\t\t\t<\/div>\n\t\t\t\t<\/div>\n\t\t\t\t\t<\/div>\n\t\t\t\t<\/div>\n\t\t\t\t<\/div>","protected":false},"excerpt":{"rendered":"<p>Posa&#039;t en contacte amb nosaltres Som aqu\u00ed per ajudar-te i respondre qualsevol pregunta que tinguis sobre els nostres serveis, productes o tractaments. A ANHERMED, ens comprometem a proporcionar-te un servei al client excepcional. No dubtis en contactar-nos i estarem encantats d&#039;ajudar-te en el viatge cap a una bellesa i benestar millorats. +34 623 02 91 45 [\u2026 ]<\/p>","protected":false},"author":5,"featured_media":0,"parent":0,"menu_order":0,"comment_status":"closed","ping_status":"closed","template":"","meta":{"footnotes":""},"class_list":["post-1161","page","type-page","status-publish","hentry"],"yoast_head":"<!-- This site is optimized with the Yoast SEO plugin v26.8 - https:\/\/yoast.com\/product\/yoast-seo-wordpress\/ -->\n<title>Contacto - Anhermed<\/title>\n<meta name=\"description\" content=\"Contacta con Anhermed y solicita tu cita. Atenci\u00f3n personalizada, asesoramiento profesional y f\u00e1cil comunicaci\u00f3n con nuestro centro.\" \/>\n<meta name=\"robots\" content=\"index, follow, max-snippet:-1, max-image-preview:large, max-video-preview:-1\" \/>\n<link rel=\"canonical\" href=\"https:\/\/anhermed.es\/cat\/contacto\/\" \/>\n<meta property=\"og:locale\" content=\"ca_ES\" \/>\n<meta property=\"og:type\" content=\"article\" \/>\n<meta property=\"og:title\" content=\"Contacto - Anhermed\" \/>\n<meta property=\"og:description\" content=\"Contacta con Anhermed y solicita tu cita. Atenci\u00f3n personalizada, asesoramiento profesional y f\u00e1cil comunicaci\u00f3n con nuestro centro.\" \/>\n<meta property=\"og:url\" content=\"https:\/\/anhermed.es\/cat\/contacto\/\" \/>\n<meta property=\"og:site_name\" content=\"Anhermed\" \/>\n<meta property=\"article:modified_time\" content=\"2026-01-20T16:39:29+00:00\" \/>\n<meta name=\"twitter:card\" content=\"summary_large_image\" \/>\n<meta name=\"twitter:label1\" content=\"Temps estimat de lectura\" \/>\n\t<meta name=\"twitter:data1\" content=\"1 minut\" \/>\n<script type=\"application\/ld+json\" class=\"yoast-schema-graph\">{\"@context\":\"https:\/\/schema.org\",\"@graph\":[{\"@type\":\"WebPage\",\"@id\":\"https:\/\/anhermed.es\/contacto\/\",\"url\":\"https:\/\/anhermed.es\/contacto\/\",\"name\":\"Contacto - Anhermed\",\"isPartOf\":{\"@id\":\"https:\/\/anhermed.es\/#website\"},\"datePublished\":\"2024-07-10T07:40:00+00:00\",\"dateModified\":\"2026-01-20T16:39:29+00:00\",\"description\":\"Contacta con Anhermed y solicita tu cita. Atenci\u00f3n personalizada, asesoramiento profesional y f\u00e1cil comunicaci\u00f3n con nuestro centro.\",\"breadcrumb\":{\"@id\":\"https:\/\/anhermed.es\/contacto\/#breadcrumb\"},\"inLanguage\":\"ca\",\"potentialAction\":[{\"@type\":\"ReadAction\",\"target\":[\"https:\/\/anhermed.es\/contacto\/\"]}]},{\"@type\":\"BreadcrumbList\",\"@id\":\"https:\/\/anhermed.es\/contacto\/#breadcrumb\",\"itemListElement\":[{\"@type\":\"ListItem\",\"position\":1,\"name\":\"Portada\",\"item\":\"https:\/\/anhermed.es\/\"},{\"@type\":\"ListItem\",\"position\":2,\"name\":\"Contacto\"}]},{\"@type\":\"WebSite\",\"@id\":\"https:\/\/anhermed.es\/#website\",\"url\":\"https:\/\/anhermed.es\/\",\"name\":\"Anhermed\",\"description\":\"\",\"publisher\":{\"@id\":\"https:\/\/anhermed.es\/#organization\"},\"potentialAction\":[{\"@type\":\"SearchAction\",\"target\":{\"@type\":\"EntryPoint\",\"urlTemplate\":\"https:\/\/anhermed.es\/?s={search_term_string}\"},\"query-input\":{\"@type\":\"PropertyValueSpecification\",\"valueRequired\":true,\"valueName\":\"search_term_string\"}}],\"inLanguage\":\"ca\"},{\"@type\":\"Organization\",\"@id\":\"https:\/\/anhermed.es\/#organization\",\"name\":\"Anhermed\",\"url\":\"https:\/\/anhermed.es\/\",\"logo\":{\"@type\":\"ImageObject\",\"inLanguage\":\"ca\",\"@id\":\"https:\/\/anhermed.es\/#\/schema\/logo\/image\/\",\"url\":\"https:\/\/anhermed.es\/wp-content\/uploads\/2024\/07\/ANHERMED-1.svg\",\"contentUrl\":\"https:\/\/anhermed.es\/wp-content\/uploads\/2024\/07\/ANHERMED-1.svg\",\"width\":209,\"height\":215,\"caption\":\"Anhermed\"},\"image\":{\"@id\":\"https:\/\/anhermed.es\/#\/schema\/logo\/image\/\"}}]}<\/script>\n<!-- \/ Yoast SEO plugin. -->","yoast_head_json":{"title":"Contacto - Anhermed","description":"Contacta con Anhermed y solicita tu cita. Atenci\u00f3n personalizada, asesoramiento profesional y f\u00e1cil comunicaci\u00f3n con nuestro centro.","robots":{"index":"index","follow":"follow","max-snippet":"max-snippet:-1","max-image-preview":"max-image-preview:large","max-video-preview":"max-video-preview:-1"},"canonical":"https:\/\/anhermed.es\/cat\/contacto\/","og_locale":"ca_ES","og_type":"article","og_title":"Contacto - Anhermed","og_description":"Contacta con Anhermed y solicita tu cita. Atenci\u00f3n personalizada, asesoramiento profesional y f\u00e1cil comunicaci\u00f3n con nuestro centro.","og_url":"https:\/\/anhermed.es\/cat\/contacto\/","og_site_name":"Anhermed","article_modified_time":"2026-01-20T16:39:29+00:00","twitter_card":"summary_large_image","twitter_misc":{"Temps estimat de lectura":"1 minut"},"schema":{"@context":"https:\/\/schema.org","@graph":[{"@type":"WebPage","@id":"https:\/\/anhermed.es\/contacto\/","url":"https:\/\/anhermed.es\/contacto\/","name":"Contacto - Anhermed","isPartOf":{"@id":"https:\/\/anhermed.es\/#website"},"datePublished":"2024-07-10T07:40:00+00:00","dateModified":"2026-01-20T16:39:29+00:00","description":"Contacta con Anhermed y solicita tu cita. Atenci\u00f3n personalizada, asesoramiento profesional y f\u00e1cil comunicaci\u00f3n con nuestro centro.","breadcrumb":{"@id":"https:\/\/anhermed.es\/contacto\/#breadcrumb"},"inLanguage":"ca","potentialAction":[{"@type":"ReadAction","target":["https:\/\/anhermed.es\/contacto\/"]}]},{"@type":"BreadcrumbList","@id":"https:\/\/anhermed.es\/contacto\/#breadcrumb","itemListElement":[{"@type":"ListItem","position":1,"name":"Portada","item":"https:\/\/anhermed.es\/"},{"@type":"ListItem","position":2,"name":"Contacto"}]},{"@type":"WebSite","@id":"https:\/\/anhermed.es\/#website","url":"https:\/\/anhermed.es\/","name":"Anhermed","description":"","publisher":{"@id":"https:\/\/anhermed.es\/#organization"},"potentialAction":[{"@type":"SearchAction","target":{"@type":"EntryPoint","urlTemplate":"https:\/\/anhermed.es\/?s={search_term_string}"},"query-input":{"@type":"PropertyValueSpecification","valueRequired":true,"valueName":"search_term_string"}}],"inLanguage":"ca"},{"@type":"Organization","@id":"https:\/\/anhermed.es\/#organization","name":"Anhermed","url":"https:\/\/anhermed.es\/","logo":{"@type":"ImageObject","inLanguage":"ca","@id":"https:\/\/anhermed.es\/#\/schema\/logo\/image\/","url":"https:\/\/anhermed.es\/wp-content\/uploads\/2024\/07\/ANHERMED-1.svg","contentUrl":"https:\/\/anhermed.es\/wp-content\/uploads\/2024\/07\/ANHERMED-1.svg","width":209,"height":215,"caption":"Anhermed"},"image":{"@id":"https:\/\/anhermed.es\/#\/schema\/logo\/image\/"}}]}},"_links":{"self":[{"href":"https:\/\/anhermed.es\/cat\/wp-json\/wp\/v2\/pages\/1161","targetHints":{"allow":["GET"]}}],"collection":[{"href":"https:\/\/anhermed.es\/cat\/wp-json\/wp\/v2\/pages"}],"about":[{"href":"https:\/\/anhermed.es\/cat\/wp-json\/wp\/v2\/types\/page"}],"author":[{"embeddable":true,"href":"https:\/\/anhermed.es\/cat\/wp-json\/wp\/v2\/users\/5"}],"replies":[{"embeddable":true,"href":"https:\/\/anhermed.es\/cat\/wp-json\/wp\/v2\/comments?post=1161"}],"version-history":[{"count":35,"href":"https:\/\/anhermed.es\/cat\/wp-json\/wp\/v2\/pages\/1161\/revisions"}],"predecessor-version":[{"id":1885,"href":"https:\/\/anhermed.es\/cat\/wp-json\/wp\/v2\/pages\/1161\/revisions\/1885"}],"wp:attachment":[{"href":"https:\/\/anhermed.es\/cat\/wp-json\/wp\/v2\/media?parent=1161"}],"curies":[{"name":"wp","href":"https:\/\/api.w.org\/{rel}","templated":true}]}}